{"id":3332,"date":"2026-02-28T11:11:52","date_gmt":"2026-02-28T10:11:52","guid":{"rendered":"http:\/\/198.46.190.232\/mypara\/?product=aderma-biology-ac-hydra-creme-ultra%e2%80%90apaisante"},"modified":"2026-03-31T18:28:03","modified_gmt":"2026-03-31T17:28:03","slug":"aderma-biology-ac-hydra-creme-ultra%e2%80%90apaisante","status":"publish","type":"product","link":"http:\/\/www.yespara.tn\/?product=aderma-biology-ac-hydra-creme-ultra%e2%80%90apaisante","title":{"rendered":"ADERMA BIOLOGY AC HYDRA CREME ULTRA\u2010APAISANTE"},"content":{"rendered":"","protected":false},"excerpt":{"rendered":"<p>BIOLOGY AC HYDRA Cr\u00e8me compensatrice ultra-apaisante Compense les effets des traitements dess\u00e9chants \u2013 Apaise \u2013 Hydrate Soin hydratant dermatologique &#038; certifi\u00e9 bio pour compenser l\u2019effet dess\u00e9chant des traitements des peaux \u00e0 tendance acn\u00e9ique. Apaise les boutons et les rougeurs.<\/p>\n","protected":false},"featured_media":3331,"comment_status":"open","ping_status":"closed","template":"","meta":[],"product_brand":[],"product_cat":[2575],"product_tag":[],"class_list":{"0":"post-3332","1":"product","2":"type-product","3":"status-publish","4":"has-post-thumbnail","6":"product_cat-a-derma-soins-visage-soins-peaux-a-imperfections-soins-anti-rougeurs-et-peau-sensible","8":"first","9":"instock","10":"taxable","11":"shipping-taxable","12":"purchasable","13":"product-type-simple"},"_links":{"self":[{"href":"http:\/\/www.yespara.tn\/index.php?rest_route=\/wp\/v2\/product\/3332","targetHints":{"allow":["GET"]}}],"collection":[{"href":"http:\/\/www.yespara.tn\/index.php?rest_route=\/wp\/v2\/product"}],"about":[{"href":"http:\/\/www.yespara.tn\/index.php?rest_route=\/wp\/v2\/types\/product"}],"replies":[{"embeddable":true,"href":"http:\/\/www.yespara.tn\/index.php?rest_route=%2Fwp%2Fv2%2Fcomments&post=3332"}],"wp:featuredmedia":[{"embeddable":true,"href":"http:\/\/www.yespara.tn\/index.php?rest_route=\/wp\/v2\/media\/3331"}],"wp:attachment":[{"href":"http:\/\/www.yespara.tn\/index.php?rest_route=%2Fwp%2Fv2%2Fmedia&parent=3332"}],"wp:term":[{"taxonomy":"product_brand","embeddable":true,"href":"http:\/\/www.yespara.tn\/index.php?rest_route=%2Fwp%2Fv2%2Fproduct_brand&post=3332"},{"taxonomy":"product_cat","embeddable":true,"href":"http:\/\/www.yespara.tn\/index.php?rest_route=%2Fwp%2Fv2%2Fproduct_cat&post=3332"},{"taxonomy":"product_tag","embeddable":true,"href":"http:\/\/www.yespara.tn\/index.php?rest_route=%2Fwp%2Fv2%2Fproduct_tag&post=3332"}],"curies":[{"name":"wp","href":"https:\/\/api.w.org\/{rel}","templated":true}]}}