{"id":3330,"date":"2026-02-28T11:11:50","date_gmt":"2026-02-28T10:11:50","guid":{"rendered":"http:\/\/198.46.190.232\/mypara\/?product=avene-hyaluron-activb3-serum-30ml"},"modified":"2026-03-31T18:28:03","modified_gmt":"2026-03-31T17:28:03","slug":"avene-hyaluron-activb3-serum-30ml","status":"publish","type":"product","link":"http:\/\/www.yespara.tn\/?product=avene-hyaluron-activb3-serum-30ml","title":{"rendered":"AVENE hyaluron activB3 SERUM 30ML"},"content":{"rendered":"","protected":false},"excerpt":{"rendered":"<p>\ud83d\udca7 R\u00c9G\u00c9N\u00c8RE \u2013 RAFFERMIT \u2013 R\u00c9DUIT LES RIDES \u2728 \ud83d\udd2c S\u00e9rum concentr\u00e9 : 1,5% Acide hyaluronique pur : Hydrate, repulpe et raffermit. 6% Niacinamide : Cible la cause du vieillissement*. \ud83c\udf1f R\u00e9sultats visibles : \ud83d\udcaa Peau plus ferme \u2728 Rides corrig\u00e9es<\/p>\n","protected":false},"featured_media":3329,"comment_status":"open","ping_status":"closed","template":"","meta":[],"product_brand":[],"product_cat":[2574],"product_tag":[],"class_list":{"0":"post-3330","1":"product","2":"type-product","3":"status-publish","4":"has-post-thumbnail","6":"product_cat-avene-soins-visage-soins-anti-age-et-anti-rides-2","8":"first","9":"instock","10":"taxable","11":"shipping-taxable","12":"purchasable","13":"product-type-simple"},"_links":{"self":[{"href":"http:\/\/www.yespara.tn\/index.php?rest_route=\/wp\/v2\/product\/3330","targetHints":{"allow":["GET"]}}],"collection":[{"href":"http:\/\/www.yespara.tn\/index.php?rest_route=\/wp\/v2\/product"}],"about":[{"href":"http:\/\/www.yespara.tn\/index.php?rest_route=\/wp\/v2\/types\/product"}],"replies":[{"embeddable":true,"href":"http:\/\/www.yespara.tn\/index.php?rest_route=%2Fwp%2Fv2%2Fcomments&post=3330"}],"wp:featuredmedia":[{"embeddable":true,"href":"http:\/\/www.yespara.tn\/index.php?rest_route=\/wp\/v2\/media\/3329"}],"wp:attachment":[{"href":"http:\/\/www.yespara.tn\/index.php?rest_route=%2Fwp%2Fv2%2Fmedia&parent=3330"}],"wp:term":[{"taxonomy":"product_brand","embeddable":true,"href":"http:\/\/www.yespara.tn\/index.php?rest_route=%2Fwp%2Fv2%2Fproduct_brand&post=3330"},{"taxonomy":"product_cat","embeddable":true,"href":"http:\/\/www.yespara.tn\/index.php?rest_route=%2Fwp%2Fv2%2Fproduct_cat&post=3330"},{"taxonomy":"product_tag","embeddable":true,"href":"http:\/\/www.yespara.tn\/index.php?rest_route=%2Fwp%2Fv2%2Fproduct_tag&post=3330"}],"curies":[{"name":"wp","href":"https:\/\/api.w.org\/{rel}","templated":true}]}}