{"id":3326,"date":"2026-02-28T11:11:48","date_gmt":"2026-02-28T10:11:48","guid":{"rendered":"http:\/\/198.46.190.232\/mypara\/?product=aquax-whitrning-cream"},"modified":"2026-03-31T18:28:03","modified_gmt":"2026-03-31T17:28:03","slug":"aquax-whitrning-cream","status":"publish","type":"product","link":"http:\/\/www.yespara.tn\/?product=aquax-whitrning-cream","title":{"rendered":"AQUAX WHITRNING CREAM"},"content":{"rendered":"","protected":false},"excerpt":{"rendered":"<p>\ud83c\udf1f AQUAX WHITENING \u2013 L\u2019innovation pour une peau lumineuse \u2728 Avantages cl\u00e9s : \ud83c\udf38 D\u00e9pigmentation &#038; blanchiment en toute s\u00e9curit\u00e9 \u274c R\u00e9duit les taches pour un teint uniforme \ud83d\udca7 Hydrate et nourrit la peau \ud83c\udf3f \u00c9claircit d\u00e9licatement pour une peau \u00e9clatante \ud83d\udc8e AQUAX WHITENING , la solution pour une peau radieuse et sans imperfection \ud83c\udf3a!<\/p>\n","protected":false},"featured_media":3325,"comment_status":"open","ping_status":"closed","template":"","meta":[],"product_brand":[],"product_cat":[2572],"product_tag":[],"class_list":{"0":"post-3326","1":"product","2":"type-product","3":"status-publish","4":"has-post-thumbnail","6":"product_cat-aquax","8":"first","9":"instock","10":"taxable","11":"shipping-taxable","12":"purchasable","13":"product-type-simple"},"_links":{"self":[{"href":"http:\/\/www.yespara.tn\/index.php?rest_route=\/wp\/v2\/product\/3326","targetHints":{"allow":["GET"]}}],"collection":[{"href":"http:\/\/www.yespara.tn\/index.php?rest_route=\/wp\/v2\/product"}],"about":[{"href":"http:\/\/www.yespara.tn\/index.php?rest_route=\/wp\/v2\/types\/product"}],"replies":[{"embeddable":true,"href":"http:\/\/www.yespara.tn\/index.php?rest_route=%2Fwp%2Fv2%2Fcomments&post=3326"}],"wp:featuredmedia":[{"embeddable":true,"href":"http:\/\/www.yespara.tn\/index.php?rest_route=\/wp\/v2\/media\/3325"}],"wp:attachment":[{"href":"http:\/\/www.yespara.tn\/index.php?rest_route=%2Fwp%2Fv2%2Fmedia&parent=3326"}],"wp:term":[{"taxonomy":"product_brand","embeddable":true,"href":"http:\/\/www.yespara.tn\/index.php?rest_route=%2Fwp%2Fv2%2Fproduct_brand&post=3326"},{"taxonomy":"product_cat","embeddable":true,"href":"http:\/\/www.yespara.tn\/index.php?rest_route=%2Fwp%2Fv2%2Fproduct_cat&post=3326"},{"taxonomy":"product_tag","embeddable":true,"href":"http:\/\/www.yespara.tn\/index.php?rest_route=%2Fwp%2Fv2%2Fproduct_tag&post=3326"}],"curies":[{"name":"wp","href":"https:\/\/api.w.org\/{rel}","templated":true}]}}