{"id":3320,"date":"2026-02-28T11:11:43","date_gmt":"2026-02-28T10:11:43","guid":{"rendered":"http:\/\/198.46.190.232\/mypara\/?product=avene-cleanance-comedomed-soin-assechant-localise-15-ml"},"modified":"2026-03-31T18:28:04","modified_gmt":"2026-03-31T17:28:04","slug":"avene-cleanance-comedomed-soin-assechant-localise-15-ml","status":"publish","type":"product","link":"http:\/\/www.yespara.tn\/?product=avene-cleanance-comedomed-soin-assechant-localise-15-ml","title":{"rendered":"Avene Cleanance Comedomed Soin Assechant Localise 15 Ml"},"content":{"rendered":"","protected":false},"excerpt":{"rendered":"<p>Soin ass\u00e9chant localis\u00e9 Cleanance Comedomed Av\u00e8ne, un soin \u00ab SOS \u00bb ponctuel pour ass\u00e9cher et r\u00e9sorber les imperfections localis\u00e9es tout en limitant les marques r\u00e9siduelles.<\/p>\n","protected":false},"featured_media":3319,"comment_status":"open","ping_status":"closed","template":"","meta":[],"product_brand":[],"product_cat":[2567,2140],"product_tag":[],"class_list":{"0":"post-3320","1":"product","2":"type-product","3":"status-publish","4":"has-post-thumbnail","6":"product_cat-avene-soins-visage-soins-peaux-grasses-acneiques-soins-peaux-a-imperfections","7":"product_cat-soins-peau-grasse","9":"first","10":"instock","11":"taxable","12":"shipping-taxable","13":"purchasable","14":"product-type-simple"},"_links":{"self":[{"href":"http:\/\/www.yespara.tn\/index.php?rest_route=\/wp\/v2\/product\/3320","targetHints":{"allow":["GET"]}}],"collection":[{"href":"http:\/\/www.yespara.tn\/index.php?rest_route=\/wp\/v2\/product"}],"about":[{"href":"http:\/\/www.yespara.tn\/index.php?rest_route=\/wp\/v2\/types\/product"}],"replies":[{"embeddable":true,"href":"http:\/\/www.yespara.tn\/index.php?rest_route=%2Fwp%2Fv2%2Fcomments&post=3320"}],"wp:featuredmedia":[{"embeddable":true,"href":"http:\/\/www.yespara.tn\/index.php?rest_route=\/wp\/v2\/media\/3319"}],"wp:attachment":[{"href":"http:\/\/www.yespara.tn\/index.php?rest_route=%2Fwp%2Fv2%2Fmedia&parent=3320"}],"wp:term":[{"taxonomy":"product_brand","embeddable":true,"href":"http:\/\/www.yespara.tn\/index.php?rest_route=%2Fwp%2Fv2%2Fproduct_brand&post=3320"},{"taxonomy":"product_cat","embeddable":true,"href":"http:\/\/www.yespara.tn\/index.php?rest_route=%2Fwp%2Fv2%2Fproduct_cat&post=3320"},{"taxonomy":"product_tag","embeddable":true,"href":"http:\/\/www.yespara.tn\/index.php?rest_route=%2Fwp%2Fv2%2Fproduct_tag&post=3320"}],"curies":[{"name":"wp","href":"https:\/\/api.w.org\/{rel}","templated":true}]}}