{"id":3318,"date":"2026-02-28T11:11:41","date_gmt":"2026-02-28T10:11:41","guid":{"rendered":"http:\/\/198.46.190.232\/mypara\/?product=avene-xeracalm-a-d-huile-lavante-relipidante-400-ml"},"modified":"2026-03-31T18:28:04","modified_gmt":"2026-03-31T17:28:04","slug":"avene-xeracalm-a-d-huile-lavante-relipidante-400-ml","status":"publish","type":"product","link":"http:\/\/www.yespara.tn\/?product=avene-xeracalm-a-d-huile-lavante-relipidante-400-ml","title":{"rendered":"Avene Xeracalm A.D Huile Lavante Relipidante 400 Ml"},"content":{"rendered":"","protected":false},"excerpt":{"rendered":"<p>La formule de l\u2019Huile lavante XeraCalm A.D d\u2019AVENE\u00a0a \u00e9t\u00e9 \u00e9labor\u00e9e avec un minimum d\u2019ingr\u00e9dients : Une base lavante tr\u00e8s douce sans savon qui nettoie la peau et la prot\u00e8ge du dess\u00e8chement li\u00e9 \u00e0 l\u2019eau, un complexe I-modulia\u00ae qui diminue et apaise les sensations de d\u00e9mangeaison, le CER-OMEGA, lipides nourrissant la peau et renfor\u00e7ant sa protection.<\/p>\n","protected":false},"featured_media":3317,"comment_status":"open","ping_status":"closed","template":"","meta":[],"product_brand":[],"product_cat":[2565,2128],"product_tag":[],"class_list":{"0":"post-3318","1":"product","2":"type-product","3":"status-publish","4":"has-post-thumbnail","6":"product_cat-avene-soins-visage-produits-dhygiene","7":"product_cat-demaquillants","9":"first","10":"instock","11":"taxable","12":"shipping-taxable","13":"purchasable","14":"product-type-simple"},"_links":{"self":[{"href":"http:\/\/www.yespara.tn\/index.php?rest_route=\/wp\/v2\/product\/3318","targetHints":{"allow":["GET"]}}],"collection":[{"href":"http:\/\/www.yespara.tn\/index.php?rest_route=\/wp\/v2\/product"}],"about":[{"href":"http:\/\/www.yespara.tn\/index.php?rest_route=\/wp\/v2\/types\/product"}],"replies":[{"embeddable":true,"href":"http:\/\/www.yespara.tn\/index.php?rest_route=%2Fwp%2Fv2%2Fcomments&post=3318"}],"wp:featuredmedia":[{"embeddable":true,"href":"http:\/\/www.yespara.tn\/index.php?rest_route=\/wp\/v2\/media\/3317"}],"wp:attachment":[{"href":"http:\/\/www.yespara.tn\/index.php?rest_route=%2Fwp%2Fv2%2Fmedia&parent=3318"}],"wp:term":[{"taxonomy":"product_brand","embeddable":true,"href":"http:\/\/www.yespara.tn\/index.php?rest_route=%2Fwp%2Fv2%2Fproduct_brand&post=3318"},{"taxonomy":"product_cat","embeddable":true,"href":"http:\/\/www.yespara.tn\/index.php?rest_route=%2Fwp%2Fv2%2Fproduct_cat&post=3318"},{"taxonomy":"product_tag","embeddable":true,"href":"http:\/\/www.yespara.tn\/index.php?rest_route=%2Fwp%2Fv2%2Fproduct_tag&post=3318"}],"curies":[{"name":"wp","href":"https:\/\/api.w.org\/{rel}","templated":true}]}}