{"id":3312,"date":"2026-02-28T11:11:34","date_gmt":"2026-02-28T10:11:34","guid":{"rendered":"http:\/\/198.46.190.232\/mypara\/?product=filorga-hydra-aox-5-serum-antioxydant-intensif-30ml"},"modified":"2026-03-31T18:28:04","modified_gmt":"2026-03-31T17:28:04","slug":"filorga-hydra-aox-5-serum-antioxydant-intensif-30ml","status":"publish","type":"product","link":"http:\/\/www.yespara.tn\/?product=filorga-hydra-aox-5-serum-antioxydant-intensif-30ml","title":{"rendered":"FILORGA HYDRA-AOX [5] SERUM ANTIOXYDANT INTENSIF 30ML"},"content":{"rendered":"","protected":false},"excerpt":{"rendered":"<p>\ud83d\udca7 FILORGA HYDRA-AOX [5] S\u00e9rum Antioxydant Intensif \u2013 30 ml \ud83c\udf1f Prot\u00e9gez votre peau des agressions ext\u00e9rieures tout en att\u00e9nuant les premiers signes de l\u2019\u00e2ge. Enrichi avec 5 puissants antioxydants (astaxanthine, ergothion\u00e9ine, vitamines C, E et B3) et de l\u2019 acide hyaluronique , ce s\u00e9rum hydrate en profondeur, lisse les ridules et affine le grain de peau pour un teint \u00e9clatant et revitalis\u00e9. Convient \u00e0 tous types de peau , m\u00eame les plus sensibles, pour une utilisation quotidienne .<\/p>\n","protected":false},"featured_media":3311,"comment_status":"open","ping_status":"closed","template":"","meta":[],"product_brand":[],"product_cat":[2557],"product_tag":[],"class_list":{"0":"post-3312","1":"product","2":"type-product","3":"status-publish","4":"has-post-thumbnail","6":"product_cat-filorga-soins-visage-serums-anti-age","8":"first","9":"instock","10":"taxable","11":"shipping-taxable","12":"purchasable","13":"product-type-simple"},"_links":{"self":[{"href":"http:\/\/www.yespara.tn\/index.php?rest_route=\/wp\/v2\/product\/3312","targetHints":{"allow":["GET"]}}],"collection":[{"href":"http:\/\/www.yespara.tn\/index.php?rest_route=\/wp\/v2\/product"}],"about":[{"href":"http:\/\/www.yespara.tn\/index.php?rest_route=\/wp\/v2\/types\/product"}],"replies":[{"embeddable":true,"href":"http:\/\/www.yespara.tn\/index.php?rest_route=%2Fwp%2Fv2%2Fcomments&post=3312"}],"wp:featuredmedia":[{"embeddable":true,"href":"http:\/\/www.yespara.tn\/index.php?rest_route=\/wp\/v2\/media\/3311"}],"wp:attachment":[{"href":"http:\/\/www.yespara.tn\/index.php?rest_route=%2Fwp%2Fv2%2Fmedia&parent=3312"}],"wp:term":[{"taxonomy":"product_brand","embeddable":true,"href":"http:\/\/www.yespara.tn\/index.php?rest_route=%2Fwp%2Fv2%2Fproduct_brand&post=3312"},{"taxonomy":"product_cat","embeddable":true,"href":"http:\/\/www.yespara.tn\/index.php?rest_route=%2Fwp%2Fv2%2Fproduct_cat&post=3312"},{"taxonomy":"product_tag","embeddable":true,"href":"http:\/\/www.yespara.tn\/index.php?rest_route=%2Fwp%2Fv2%2Fproduct_tag&post=3312"}],"curies":[{"name":"wp","href":"https:\/\/api.w.org\/{rel}","templated":true}]}}