{"id":3310,"date":"2026-02-28T11:11:32","date_gmt":"2026-02-28T10:11:32","guid":{"rendered":"http:\/\/198.46.190.232\/mypara\/?product=avene-hydrance-aqua-gel-50ml"},"modified":"2026-03-31T18:28:04","modified_gmt":"2026-03-31T17:28:04","slug":"avene-hydrance-aqua-gel-50ml","status":"publish","type":"product","link":"http:\/\/www.yespara.tn\/?product=avene-hydrance-aqua-gel-50ml","title":{"rendered":"AVENE hydrance aqua GEL 50ml"},"content":{"rendered":"","protected":false},"excerpt":{"rendered":"<p>Un soin complet qui hydrate intens\u00e9ment et apaise la peau en un seul geste. Sa texture aqua-gel tr\u00e8s fra\u00eeche offre \u00e0 la peau une sensation voile d\u2019eau d\u00e9licate. Hydratant <\/li>\n<p> Matifiant D\u00e9tox<\/p>\n","protected":false},"featured_media":3309,"comment_status":"open","ping_status":"closed","template":"","meta":[],"product_brand":[],"product_cat":[2556],"product_tag":[],"class_list":{"0":"post-3310","1":"product","2":"type-product","3":"status-publish","4":"has-post-thumbnail","6":"product_cat-avene-soins-hydratants-et-nourrissants-2","8":"first","9":"instock","10":"taxable","11":"shipping-taxable","12":"purchasable","13":"product-type-simple"},"_links":{"self":[{"href":"http:\/\/www.yespara.tn\/index.php?rest_route=\/wp\/v2\/product\/3310","targetHints":{"allow":["GET"]}}],"collection":[{"href":"http:\/\/www.yespara.tn\/index.php?rest_route=\/wp\/v2\/product"}],"about":[{"href":"http:\/\/www.yespara.tn\/index.php?rest_route=\/wp\/v2\/types\/product"}],"replies":[{"embeddable":true,"href":"http:\/\/www.yespara.tn\/index.php?rest_route=%2Fwp%2Fv2%2Fcomments&post=3310"}],"wp:featuredmedia":[{"embeddable":true,"href":"http:\/\/www.yespara.tn\/index.php?rest_route=\/wp\/v2\/media\/3309"}],"wp:attachment":[{"href":"http:\/\/www.yespara.tn\/index.php?rest_route=%2Fwp%2Fv2%2Fmedia&parent=3310"}],"wp:term":[{"taxonomy":"product_brand","embeddable":true,"href":"http:\/\/www.yespara.tn\/index.php?rest_route=%2Fwp%2Fv2%2Fproduct_brand&post=3310"},{"taxonomy":"product_cat","embeddable":true,"href":"http:\/\/www.yespara.tn\/index.php?rest_route=%2Fwp%2Fv2%2Fproduct_cat&post=3310"},{"taxonomy":"product_tag","embeddable":true,"href":"http:\/\/www.yespara.tn\/index.php?rest_route=%2Fwp%2Fv2%2Fproduct_tag&post=3310"}],"curies":[{"name":"wp","href":"https:\/\/api.w.org\/{rel}","templated":true}]}}