{"id":3308,"date":"2026-02-28T11:11:31","date_gmt":"2026-02-28T10:11:31","guid":{"rendered":"http:\/\/198.46.190.232\/mypara\/?product=noreva-sensidiane-gelee-lavante-apaisante-200-ml"},"modified":"2026-03-31T18:28:04","modified_gmt":"2026-03-31T17:28:04","slug":"noreva-sensidiane-gelee-lavante-apaisante-200-ml","status":"publish","type":"product","link":"http:\/\/www.yespara.tn\/?product=noreva-sensidiane-gelee-lavante-apaisante-200-ml","title":{"rendered":"NOREVA SENSIDIANE GELEE LAVANTE APAISANTE 200 ML"},"content":{"rendered":"","protected":false},"excerpt":{"rendered":"<p>Sensidiane Gel\u00e9e Lavante Apaisante a \u00e9t\u00e9 sp\u00e9cifiquement d\u00e9velopp\u00e9e pour les peaux sensibles .<\/p>\n","protected":false},"featured_media":3307,"comment_status":"open","ping_status":"closed","template":"","meta":[],"product_brand":[],"product_cat":[2555],"product_tag":[],"class_list":{"0":"post-3308","1":"product","2":"type-product","3":"status-publish","4":"has-post-thumbnail","6":"product_cat-noreva-soins-visage-gels-nettoyants-2","8":"first","9":"instock","10":"taxable","11":"shipping-taxable","12":"purchasable","13":"product-type-simple"},"_links":{"self":[{"href":"http:\/\/www.yespara.tn\/index.php?rest_route=\/wp\/v2\/product\/3308","targetHints":{"allow":["GET"]}}],"collection":[{"href":"http:\/\/www.yespara.tn\/index.php?rest_route=\/wp\/v2\/product"}],"about":[{"href":"http:\/\/www.yespara.tn\/index.php?rest_route=\/wp\/v2\/types\/product"}],"replies":[{"embeddable":true,"href":"http:\/\/www.yespara.tn\/index.php?rest_route=%2Fwp%2Fv2%2Fcomments&post=3308"}],"wp:featuredmedia":[{"embeddable":true,"href":"http:\/\/www.yespara.tn\/index.php?rest_route=\/wp\/v2\/media\/3307"}],"wp:attachment":[{"href":"http:\/\/www.yespara.tn\/index.php?rest_route=%2Fwp%2Fv2%2Fmedia&parent=3308"}],"wp:term":[{"taxonomy":"product_brand","embeddable":true,"href":"http:\/\/www.yespara.tn\/index.php?rest_route=%2Fwp%2Fv2%2Fproduct_brand&post=3308"},{"taxonomy":"product_cat","embeddable":true,"href":"http:\/\/www.yespara.tn\/index.php?rest_route=%2Fwp%2Fv2%2Fproduct_cat&post=3308"},{"taxonomy":"product_tag","embeddable":true,"href":"http:\/\/www.yespara.tn\/index.php?rest_route=%2Fwp%2Fv2%2Fproduct_tag&post=3308"}],"curies":[{"name":"wp","href":"https:\/\/api.w.org\/{rel}","templated":true}]}}