{"id":3300,"date":"2026-02-28T11:11:23","date_gmt":"2026-02-28T10:11:23","guid":{"rendered":"http:\/\/198.46.190.232\/mypara\/?product=noreva-sensidiane-creme-legere-40-ml"},"modified":"2026-03-31T18:28:04","modified_gmt":"2026-03-31T17:28:04","slug":"noreva-sensidiane-creme-legere-40-ml","status":"publish","type":"product","link":"http:\/\/www.yespara.tn\/?product=noreva-sensidiane-creme-legere-40-ml","title":{"rendered":"NOREVA SENSIDIANE CREME LEGERE 40 ML"},"content":{"rendered":"","protected":false},"excerpt":{"rendered":"<p>NOREVA Sensidiane Cr\u00e8me L\u00e9g\u00e8re 40 ml est sp\u00e9cialement con\u00e7ue pour les peaux sensibles et mixtes, visant \u00e0 apaiser, calmer et prot\u00e9ger la peau efficacement. Elle soulage les sensations de tiraillement et d\u2019inconfort. Des ingr\u00e9dients cl\u00e9s comme le Neutrazen Pro et l\u2019allanto\u00efne agissent ensemble pour r\u00e9guler la sensibilit\u00e9 de la peau . Ce produit convient aux personnes ayant une peau sensible \u00e0 intol\u00e9rante, offrant hydratation et protection contre les agressions.<\/p>\n","protected":false},"featured_media":3299,"comment_status":"open","ping_status":"closed","template":"","meta":[],"product_brand":[],"product_cat":[2549],"product_tag":[],"class_list":{"0":"post-3300","1":"product","2":"type-product","3":"status-publish","4":"has-post-thumbnail","6":"product_cat-soins-visage-soins-hydratants-et-nourrissants-peaux-sensibles","8":"first","9":"instock","10":"taxable","11":"shipping-taxable","12":"purchasable","13":"product-type-simple"},"_links":{"self":[{"href":"http:\/\/www.yespara.tn\/index.php?rest_route=\/wp\/v2\/product\/3300","targetHints":{"allow":["GET"]}}],"collection":[{"href":"http:\/\/www.yespara.tn\/index.php?rest_route=\/wp\/v2\/product"}],"about":[{"href":"http:\/\/www.yespara.tn\/index.php?rest_route=\/wp\/v2\/types\/product"}],"replies":[{"embeddable":true,"href":"http:\/\/www.yespara.tn\/index.php?rest_route=%2Fwp%2Fv2%2Fcomments&post=3300"}],"wp:featuredmedia":[{"embeddable":true,"href":"http:\/\/www.yespara.tn\/index.php?rest_route=\/wp\/v2\/media\/3299"}],"wp:attachment":[{"href":"http:\/\/www.yespara.tn\/index.php?rest_route=%2Fwp%2Fv2%2Fmedia&parent=3300"}],"wp:term":[{"taxonomy":"product_brand","embeddable":true,"href":"http:\/\/www.yespara.tn\/index.php?rest_route=%2Fwp%2Fv2%2Fproduct_brand&post=3300"},{"taxonomy":"product_cat","embeddable":true,"href":"http:\/\/www.yespara.tn\/index.php?rest_route=%2Fwp%2Fv2%2Fproduct_cat&post=3300"},{"taxonomy":"product_tag","embeddable":true,"href":"http:\/\/www.yespara.tn\/index.php?rest_route=%2Fwp%2Fv2%2Fproduct_tag&post=3300"}],"curies":[{"name":"wp","href":"https:\/\/api.w.org\/{rel}","templated":true}]}}