{"id":3288,"date":"2026-02-28T11:11:10","date_gmt":"2026-02-28T10:11:10","guid":{"rendered":"http:\/\/198.46.190.232\/mypara\/?product=filorga-time-filler-shot-5xp-serum-15-ml"},"modified":"2026-03-31T18:28:05","modified_gmt":"2026-03-31T17:28:05","slug":"filorga-time-filler-shot-5xp-serum-15-ml","status":"publish","type":"product","link":"http:\/\/www.yespara.tn\/?product=filorga-time-filler-shot-5xp-serum-15-ml","title":{"rendered":"FILORGA time-filler shot 5XP SERUM 15 ML"},"content":{"rendered":"","protected":false},"excerpt":{"rendered":"<p>\ud83d\udc96 UNE ACTION INTENSIVE SUR TOUS LES TYPES DE RIDES : \u2714\ufe0f \ud83d\uded1 Rides d\u2019expression : Un puissant peptide botox-like d\u00e9tend les traits et r\u00e9duit les rides li\u00e9es aux mouvements du visage. \u2714\ufe0f \ud83d\udca7 Rides de d\u00e9shydratation : L\u2019acide hyaluronique repulpe et hydrate en profondeur pour une peau rebondie. \u2714\ufe0f \ud83d\udd2c Rides profondes : Un complexe stimulant booste la production de collag\u00e8ne pour combler visiblement les rides marqu\u00e9es. \u2714\ufe0f \ud83c\udfaf Rides de surface : Un actif exfoliant doux affine le grain de peau et lisse les micro-reliefs. \u2714\ufe0f \u23f3 Rides du cou et du d\u00e9collet\u00e9 : Une action cibl\u00e9e pour pr\u00e9venir et corriger les signes du vieillissement cutan\u00e9 sur ces zones fragiles.<\/p>\n","protected":false},"featured_media":3287,"comment_status":"open","ping_status":"closed","template":"","meta":[],"product_brand":[],"product_cat":[2536],"product_tag":[],"class_list":{"0":"post-3288","1":"product","2":"type-product","3":"status-publish","4":"has-post-thumbnail","6":"product_cat-filorga-soins-visage-soins-anti-age-et-anti-rides-2","8":"first","9":"instock","10":"taxable","11":"shipping-taxable","12":"purchasable","13":"product-type-simple"},"_links":{"self":[{"href":"http:\/\/www.yespara.tn\/index.php?rest_route=\/wp\/v2\/product\/3288","targetHints":{"allow":["GET"]}}],"collection":[{"href":"http:\/\/www.yespara.tn\/index.php?rest_route=\/wp\/v2\/product"}],"about":[{"href":"http:\/\/www.yespara.tn\/index.php?rest_route=\/wp\/v2\/types\/product"}],"replies":[{"embeddable":true,"href":"http:\/\/www.yespara.tn\/index.php?rest_route=%2Fwp%2Fv2%2Fcomments&post=3288"}],"wp:featuredmedia":[{"embeddable":true,"href":"http:\/\/www.yespara.tn\/index.php?rest_route=\/wp\/v2\/media\/3287"}],"wp:attachment":[{"href":"http:\/\/www.yespara.tn\/index.php?rest_route=%2Fwp%2Fv2%2Fmedia&parent=3288"}],"wp:term":[{"taxonomy":"product_brand","embeddable":true,"href":"http:\/\/www.yespara.tn\/index.php?rest_route=%2Fwp%2Fv2%2Fproduct_brand&post=3288"},{"taxonomy":"product_cat","embeddable":true,"href":"http:\/\/www.yespara.tn\/index.php?rest_route=%2Fwp%2Fv2%2Fproduct_cat&post=3288"},{"taxonomy":"product_tag","embeddable":true,"href":"http:\/\/www.yespara.tn\/index.php?rest_route=%2Fwp%2Fv2%2Fproduct_tag&post=3288"}],"curies":[{"name":"wp","href":"https:\/\/api.w.org\/{rel}","templated":true}]}}