{"id":3286,"date":"2026-02-28T11:11:08","date_gmt":"2026-02-28T10:11:08","guid":{"rendered":"http:\/\/198.46.190.232\/mypara\/?product=ducray-keracnyl-gel-moussant-200-ml"},"modified":"2026-03-31T18:28:05","modified_gmt":"2026-03-31T17:28:05","slug":"ducray-keracnyl-gel-moussant-200-ml","status":"publish","type":"product","link":"http:\/\/www.yespara.tn\/?product=ducray-keracnyl-gel-moussant-200-ml","title":{"rendered":"DUCRAY KERACNYL GEL MOUSSANT 200 ML"},"content":{"rendered":"","protected":false},"excerpt":{"rendered":"<p>Le gel moussant KERACNYL\u00a0est un nettoyant visage &#038; corps quotidien adapt\u00e9 pour l\u2019hygi\u00e8ne des peaux grasses et\/ou \u00e0 tendance acn\u00e9ique des adolescents comme des adultes. Formul\u00e9 sans savon, il nettoie le visage et le corps en pr\u00e9servant la barri\u00e8re cutan\u00e9e et purifie la peau.<\/p>\n","protected":false},"featured_media":3285,"comment_status":"open","ping_status":"closed","template":"","meta":[],"product_brand":[],"product_cat":[2535],"product_tag":[],"class_list":{"0":"post-3286","1":"product","2":"type-product","3":"status-publish","4":"has-post-thumbnail","6":"product_cat-ducray-soins-visage-soins-peaux-grasses-acneiques-soins-peaux-a-imperfections-gels-nettoyants-2","8":"first","9":"instock","10":"taxable","11":"shipping-taxable","12":"purchasable","13":"product-type-simple"},"_links":{"self":[{"href":"http:\/\/www.yespara.tn\/index.php?rest_route=\/wp\/v2\/product\/3286","targetHints":{"allow":["GET"]}}],"collection":[{"href":"http:\/\/www.yespara.tn\/index.php?rest_route=\/wp\/v2\/product"}],"about":[{"href":"http:\/\/www.yespara.tn\/index.php?rest_route=\/wp\/v2\/types\/product"}],"replies":[{"embeddable":true,"href":"http:\/\/www.yespara.tn\/index.php?rest_route=%2Fwp%2Fv2%2Fcomments&post=3286"}],"wp:featuredmedia":[{"embeddable":true,"href":"http:\/\/www.yespara.tn\/index.php?rest_route=\/wp\/v2\/media\/3285"}],"wp:attachment":[{"href":"http:\/\/www.yespara.tn\/index.php?rest_route=%2Fwp%2Fv2%2Fmedia&parent=3286"}],"wp:term":[{"taxonomy":"product_brand","embeddable":true,"href":"http:\/\/www.yespara.tn\/index.php?rest_route=%2Fwp%2Fv2%2Fproduct_brand&post=3286"},{"taxonomy":"product_cat","embeddable":true,"href":"http:\/\/www.yespara.tn\/index.php?rest_route=%2Fwp%2Fv2%2Fproduct_cat&post=3286"},{"taxonomy":"product_tag","embeddable":true,"href":"http:\/\/www.yespara.tn\/index.php?rest_route=%2Fwp%2Fv2%2Fproduct_tag&post=3286"}],"curies":[{"name":"wp","href":"https:\/\/api.w.org\/{rel}","templated":true}]}}