{"id":3282,"date":"2026-02-28T11:11:05","date_gmt":"2026-02-28T10:11:05","guid":{"rendered":"http:\/\/198.46.190.232\/mypara\/?product=novexpert-gommage-douceur-hydro-biotique-60ml"},"modified":"2026-03-31T18:28:05","modified_gmt":"2026-03-31T17:28:05","slug":"novexpert-gommage-douceur-hydro-biotique-60ml","status":"publish","type":"product","link":"http:\/\/www.yespara.tn\/?product=novexpert-gommage-douceur-hydro-biotique-60ml","title":{"rendered":"NOVEXPERT GOMMAGE DOUCEUR HYDRO BIOTIQUE 60ML"},"content":{"rendered":"","protected":false},"excerpt":{"rendered":"<p>Enfin un gommage pour les peaux sensibles, s\u00e8ches et fragiles. L\u2019association de Magn\u00e9sium et de grains tr\u00e8s fins et r\u00e9guliers, assure un teint \u00e9clatant. La peau est plus confortable chez 100% des utilisateurs*. TOUS TYPES DE PEAUX.<\/p>\n","protected":false},"featured_media":3281,"comment_status":"open","ping_status":"closed","template":"","meta":[],"product_brand":[],"product_cat":[2531],"product_tag":[],"class_list":{"0":"post-3282","1":"product","2":"type-product","3":"status-publish","4":"has-post-thumbnail","6":"product_cat-novexpert-soins-visage-masques-visage-et-gommage","8":"first","9":"instock","10":"taxable","11":"shipping-taxable","12":"purchasable","13":"product-type-simple"},"_links":{"self":[{"href":"http:\/\/www.yespara.tn\/index.php?rest_route=\/wp\/v2\/product\/3282","targetHints":{"allow":["GET"]}}],"collection":[{"href":"http:\/\/www.yespara.tn\/index.php?rest_route=\/wp\/v2\/product"}],"about":[{"href":"http:\/\/www.yespara.tn\/index.php?rest_route=\/wp\/v2\/types\/product"}],"replies":[{"embeddable":true,"href":"http:\/\/www.yespara.tn\/index.php?rest_route=%2Fwp%2Fv2%2Fcomments&post=3282"}],"wp:featuredmedia":[{"embeddable":true,"href":"http:\/\/www.yespara.tn\/index.php?rest_route=\/wp\/v2\/media\/3281"}],"wp:attachment":[{"href":"http:\/\/www.yespara.tn\/index.php?rest_route=%2Fwp%2Fv2%2Fmedia&parent=3282"}],"wp:term":[{"taxonomy":"product_brand","embeddable":true,"href":"http:\/\/www.yespara.tn\/index.php?rest_route=%2Fwp%2Fv2%2Fproduct_brand&post=3282"},{"taxonomy":"product_cat","embeddable":true,"href":"http:\/\/www.yespara.tn\/index.php?rest_route=%2Fwp%2Fv2%2Fproduct_cat&post=3282"},{"taxonomy":"product_tag","embeddable":true,"href":"http:\/\/www.yespara.tn\/index.php?rest_route=%2Fwp%2Fv2%2Fproduct_tag&post=3282"}],"curies":[{"name":"wp","href":"https:\/\/api.w.org\/{rel}","templated":true}]}}