{"id":3280,"date":"2026-02-28T11:11:04","date_gmt":"2026-02-28T10:11:04","guid":{"rendered":"http:\/\/198.46.190.232\/mypara\/?product=novexpert-creme-legere-a-la-vitamine-c-40ml"},"modified":"2026-03-31T18:28:05","modified_gmt":"2026-03-31T17:28:05","slug":"novexpert-creme-legere-a-la-vitamine-c-40ml","status":"publish","type":"product","link":"http:\/\/www.yespara.tn\/?product=novexpert-creme-legere-a-la-vitamine-c-40ml","title":{"rendered":"NOVEXPERT CREME LEGERE A LA VITAMINE C 40ML"},"content":{"rendered":"","protected":false},"excerpt":{"rendered":"<p>\ud83c\udf4a NOVEXPERT CR\u00c8ME L\u00c9G\u00c8RE \u00c0 LA VITAMINE C \u2013 40ML \ud83d\udca1 Hydratation, \u00c9clat &#038; Anti-\u00c2ge \ud83d\udca1 \u2728 Illumine le teint \u2022 Lisse la peau \u2022 Prot\u00e8ge des agressions ext\u00e9rieures \u2728 NOVEXPERT Cr\u00e8me L\u00e9g\u00e8re \u00e0 la Vitamine C est un soin hydratant et illuminateur con\u00e7u pour redonner de l\u2019\u00e9clat, lisser le grain de peau et lutter contre les signes du vieillissement cutan\u00e9 . Sa texture l\u00e9g\u00e8re et fondante p\u00e9n\u00e8tre rapidement, offrant un fini non gras et une sensation de confort imm\u00e9diat. \ud83e\uddf4 Flacon 40 ml \u2013 Convient aux peaux normales \u00e0 mixtes \ud83e\uddf4<\/p>\n","protected":false},"featured_media":3279,"comment_status":"open","ping_status":"closed","template":"","meta":[],"product_brand":[],"product_cat":[2530],"product_tag":[],"class_list":{"0":"post-3280","1":"product","2":"type-product","3":"status-publish","4":"has-post-thumbnail","6":"product_cat-novexpert-soins-visage-soins-eclaircissants-soins-anti-age-et-anti-rides-serums-anti-age-peaux-sensibles","8":"first","9":"instock","10":"taxable","11":"shipping-taxable","12":"purchasable","13":"product-type-simple"},"_links":{"self":[{"href":"http:\/\/www.yespara.tn\/index.php?rest_route=\/wp\/v2\/product\/3280","targetHints":{"allow":["GET"]}}],"collection":[{"href":"http:\/\/www.yespara.tn\/index.php?rest_route=\/wp\/v2\/product"}],"about":[{"href":"http:\/\/www.yespara.tn\/index.php?rest_route=\/wp\/v2\/types\/product"}],"replies":[{"embeddable":true,"href":"http:\/\/www.yespara.tn\/index.php?rest_route=%2Fwp%2Fv2%2Fcomments&post=3280"}],"wp:featuredmedia":[{"embeddable":true,"href":"http:\/\/www.yespara.tn\/index.php?rest_route=\/wp\/v2\/media\/3279"}],"wp:attachment":[{"href":"http:\/\/www.yespara.tn\/index.php?rest_route=%2Fwp%2Fv2%2Fmedia&parent=3280"}],"wp:term":[{"taxonomy":"product_brand","embeddable":true,"href":"http:\/\/www.yespara.tn\/index.php?rest_route=%2Fwp%2Fv2%2Fproduct_brand&post=3280"},{"taxonomy":"product_cat","embeddable":true,"href":"http:\/\/www.yespara.tn\/index.php?rest_route=%2Fwp%2Fv2%2Fproduct_cat&post=3280"},{"taxonomy":"product_tag","embeddable":true,"href":"http:\/\/www.yespara.tn\/index.php?rest_route=%2Fwp%2Fv2%2Fproduct_tag&post=3280"}],"curies":[{"name":"wp","href":"https:\/\/api.w.org\/{rel}","templated":true}]}}