{"id":3278,"date":"2026-02-28T11:11:02","date_gmt":"2026-02-28T10:11:02","guid":{"rendered":"http:\/\/198.46.190.232\/mypara\/?product=novexpert-le-gel-repulp-40-ml"},"modified":"2026-03-31T18:28:05","modified_gmt":"2026-03-31T17:28:05","slug":"novexpert-le-gel-repulp-40-ml","status":"publish","type":"product","link":"http:\/\/www.yespara.tn\/?product=novexpert-le-gel-repulp-40-ml","title":{"rendered":"NOVEXPERT LE GEL REPULP 40 ML"},"content":{"rendered":"","protected":false},"excerpt":{"rendered":"<p>Un gel ? Plut\u00f4t une perfusion d\u2019Acide Hyaluronique mont\u00e9e en \u00e9mulsion ! Avec \u00e0 la cl\u00e9, une action repulpante et un effet fermet\u00e9 pl\u00e9biscit\u00e9 par 96% des testeurs*. PEAUX MIXTES A GRASSES. 100% d\u2019ingr\u00e9dients d\u2019origine naturelle<\/p>\n","protected":false},"featured_media":3277,"comment_status":"open","ping_status":"closed","template":"","meta":[],"product_brand":[],"product_cat":[2525],"product_tag":[],"class_list":{"0":"post-3278","1":"product","2":"type-product","3":"status-publish","4":"has-post-thumbnail","6":"product_cat-novexpert-soins-visage-soins-liftant","8":"first","9":"instock","10":"taxable","11":"shipping-taxable","12":"purchasable","13":"product-type-simple"},"_links":{"self":[{"href":"http:\/\/www.yespara.tn\/index.php?rest_route=\/wp\/v2\/product\/3278","targetHints":{"allow":["GET"]}}],"collection":[{"href":"http:\/\/www.yespara.tn\/index.php?rest_route=\/wp\/v2\/product"}],"about":[{"href":"http:\/\/www.yespara.tn\/index.php?rest_route=\/wp\/v2\/types\/product"}],"replies":[{"embeddable":true,"href":"http:\/\/www.yespara.tn\/index.php?rest_route=%2Fwp%2Fv2%2Fcomments&post=3278"}],"wp:featuredmedia":[{"embeddable":true,"href":"http:\/\/www.yespara.tn\/index.php?rest_route=\/wp\/v2\/media\/3277"}],"wp:attachment":[{"href":"http:\/\/www.yespara.tn\/index.php?rest_route=%2Fwp%2Fv2%2Fmedia&parent=3278"}],"wp:term":[{"taxonomy":"product_brand","embeddable":true,"href":"http:\/\/www.yespara.tn\/index.php?rest_route=%2Fwp%2Fv2%2Fproduct_brand&post=3278"},{"taxonomy":"product_cat","embeddable":true,"href":"http:\/\/www.yespara.tn\/index.php?rest_route=%2Fwp%2Fv2%2Fproduct_cat&post=3278"},{"taxonomy":"product_tag","embeddable":true,"href":"http:\/\/www.yespara.tn\/index.php?rest_route=%2Fwp%2Fv2%2Fproduct_tag&post=3278"}],"curies":[{"name":"wp","href":"https:\/\/api.w.org\/{rel}","templated":true}]}}