{"id":3276,"date":"2026-02-28T11:11:01","date_gmt":"2026-02-28T10:11:01","guid":{"rendered":"http:\/\/198.46.190.232\/mypara\/?product=novexpert-soin-peeling-eclat-vitamine-c-30ml"},"modified":"2026-03-31T18:28:05","modified_gmt":"2026-03-31T17:28:05","slug":"novexpert-soin-peeling-eclat-vitamine-c-30ml","status":"publish","type":"product","link":"http:\/\/www.yespara.tn\/?product=novexpert-soin-peeling-eclat-vitamine-c-30ml","title":{"rendered":"NOVEXPERT SOIN PEELING ECLAT VITAMINE C 30ML"},"content":{"rendered":"","protected":false},"excerpt":{"rendered":"<p>Une peau plus douce juste apr\u00e8s l\u2019application, un teint lumineux en 24h une peau liss\u00e9e en 28 jours*, ce sont les promesses tenues par le Soin Peeling Eclat. Cons\u00e9quences logiques d\u2019une formulation r\u00e9alis\u00e9e par des scientifiques avec : \u2013 De la vitamine C ultra-stable capable de neutraliser 93% des acteurs de l\u2019oxydation*. \u2013 Des actifs peeling s\u00e9lectionn\u00e9s pour agir efficacement sans irriter : 96% des utilisateurs trouvent leur teint plus \u00e9clatant apr\u00e8s une seule utilisation* ! PEAUX NORMALES A GRASSES.<\/p>\n","protected":false},"featured_media":3275,"comment_status":"open","ping_status":"closed","template":"","meta":[],"product_brand":[],"product_cat":[2520],"product_tag":[],"class_list":{"0":"post-3276","1":"product","2":"type-product","3":"status-publish","4":"has-post-thumbnail","6":"product_cat-novexpert-soins-visage-soins-eclaircissants-masques-visage-et-gommage","8":"first","9":"instock","10":"taxable","11":"shipping-taxable","12":"purchasable","13":"product-type-simple"},"_links":{"self":[{"href":"http:\/\/www.yespara.tn\/index.php?rest_route=\/wp\/v2\/product\/3276","targetHints":{"allow":["GET"]}}],"collection":[{"href":"http:\/\/www.yespara.tn\/index.php?rest_route=\/wp\/v2\/product"}],"about":[{"href":"http:\/\/www.yespara.tn\/index.php?rest_route=\/wp\/v2\/types\/product"}],"replies":[{"embeddable":true,"href":"http:\/\/www.yespara.tn\/index.php?rest_route=%2Fwp%2Fv2%2Fcomments&post=3276"}],"wp:featuredmedia":[{"embeddable":true,"href":"http:\/\/www.yespara.tn\/index.php?rest_route=\/wp\/v2\/media\/3275"}],"wp:attachment":[{"href":"http:\/\/www.yespara.tn\/index.php?rest_route=%2Fwp%2Fv2%2Fmedia&parent=3276"}],"wp:term":[{"taxonomy":"product_brand","embeddable":true,"href":"http:\/\/www.yespara.tn\/index.php?rest_route=%2Fwp%2Fv2%2Fproduct_brand&post=3276"},{"taxonomy":"product_cat","embeddable":true,"href":"http:\/\/www.yespara.tn\/index.php?rest_route=%2Fwp%2Fv2%2Fproduct_cat&post=3276"},{"taxonomy":"product_tag","embeddable":true,"href":"http:\/\/www.yespara.tn\/index.php?rest_route=%2Fwp%2Fv2%2Fproduct_tag&post=3276"}],"curies":[{"name":"wp","href":"https:\/\/api.w.org\/{rel}","templated":true}]}}