{"id":3274,"date":"2026-02-28T11:10:59","date_gmt":"2026-02-28T10:10:59","guid":{"rendered":"http:\/\/198.46.190.232\/mypara\/?product=innovaderm-beauty-lips-baume-a-levres-spf-20"},"modified":"2026-03-31T18:28:05","modified_gmt":"2026-03-31T17:28:05","slug":"innovaderm-beauty-lips-baume-a-levres-spf-20","status":"publish","type":"product","link":"http:\/\/www.yespara.tn\/?product=innovaderm-beauty-lips-baume-a-levres-spf-20","title":{"rendered":"INNOVADERM BEAUTY LIPS BAUME A LEVRES SPF 20"},"content":{"rendered":"","protected":false},"excerpt":{"rendered":"<p>INNOVADERM BEAUTY LIPS BAUME A LEVRES SPF 20. Le produit pr\u00e9sent\u00e9 est le baume \u00e0 l\u00e8vres INNOVADERM BEAUTY avec un indice de protection solaire SPF 20. Ce produit offre une protection efficace contre les rayons nocifs du soleil tout en hydratant et nourrissant les l\u00e8vres. Il est id\u00e9al pour maintenir des l\u00e8vres douces et prot\u00e9g\u00e9es tout au long de la journ\u00e9e.<\/p>\n","protected":false},"featured_media":3273,"comment_status":"open","ping_status":"closed","template":"","meta":[],"product_brand":[],"product_cat":[2125],"product_tag":[],"class_list":{"0":"post-3274","1":"product","2":"type-product","3":"status-publish","4":"has-post-thumbnail","6":"product_cat-sticks-baumes-levres-et-reparateurs","8":"first","9":"instock","10":"taxable","11":"shipping-taxable","12":"purchasable","13":"product-type-simple"},"_links":{"self":[{"href":"http:\/\/www.yespara.tn\/index.php?rest_route=\/wp\/v2\/product\/3274","targetHints":{"allow":["GET"]}}],"collection":[{"href":"http:\/\/www.yespara.tn\/index.php?rest_route=\/wp\/v2\/product"}],"about":[{"href":"http:\/\/www.yespara.tn\/index.php?rest_route=\/wp\/v2\/types\/product"}],"replies":[{"embeddable":true,"href":"http:\/\/www.yespara.tn\/index.php?rest_route=%2Fwp%2Fv2%2Fcomments&post=3274"}],"wp:featuredmedia":[{"embeddable":true,"href":"http:\/\/www.yespara.tn\/index.php?rest_route=\/wp\/v2\/media\/3273"}],"wp:attachment":[{"href":"http:\/\/www.yespara.tn\/index.php?rest_route=%2Fwp%2Fv2%2Fmedia&parent=3274"}],"wp:term":[{"taxonomy":"product_brand","embeddable":true,"href":"http:\/\/www.yespara.tn\/index.php?rest_route=%2Fwp%2Fv2%2Fproduct_brand&post=3274"},{"taxonomy":"product_cat","embeddable":true,"href":"http:\/\/www.yespara.tn\/index.php?rest_route=%2Fwp%2Fv2%2Fproduct_cat&post=3274"},{"taxonomy":"product_tag","embeddable":true,"href":"http:\/\/www.yespara.tn\/index.php?rest_route=%2Fwp%2Fv2%2Fproduct_tag&post=3274"}],"curies":[{"name":"wp","href":"https:\/\/api.w.org\/{rel}","templated":true}]}}