{"id":3272,"date":"2026-02-28T11:10:58","date_gmt":"2026-02-28T10:10:58","guid":{"rendered":"http:\/\/198.46.190.232\/mypara\/?product=avene-cleanance-serum-exfoliant-aha-30-ml"},"modified":"2026-03-31T18:28:06","modified_gmt":"2026-03-31T17:28:06","slug":"avene-cleanance-serum-exfoliant-aha-30-ml","status":"publish","type":"product","link":"http:\/\/www.yespara.tn\/?product=avene-cleanance-serum-exfoliant-aha-30-ml","title":{"rendered":"AVENE CLEANANCE SERUM EXFOLIANT AHA 30 ML"},"content":{"rendered":"","protected":false},"excerpt":{"rendered":"<p>\ud83d\udca7 CLEANANCE S\u00c9RUM EXFOLIANT A.H.A 30ML \ud83c\udf3f \ud83c\udf1f Bienfaits : \ud83c\udf0a Enrichi en Eau thermale d\u2019Av\u00e8ne : Apaise, renforce et r\u00e9\u00e9quilibre la peau. \ud83d\udc8e Formul\u00e9 pour les peaux sensibles et \u00e0 tendance acn\u00e9ique . \ud83e\uddf4 Formule minimaliste : \ud83e\uddea 10 ingr\u00e9dients seulement \ud83c\udf31 99% d\u2019ingr\u00e9dients d\u2019origine naturelle<\/p>\n","protected":false},"featured_media":3271,"comment_status":"open","ping_status":"closed","template":"","meta":[],"product_brand":[],"product_cat":[2517,2128,2140],"product_tag":[],"class_list":{"0":"post-3272","1":"product","2":"type-product","3":"status-publish","4":"has-post-thumbnail","6":"product_cat-avene-soins-visage-soins-solaires-soins-peaux-a-imperfections","7":"product_cat-demaquillants","8":"product_cat-soins-peau-grasse","10":"first","11":"instock","12":"taxable","13":"shipping-taxable","14":"purchasable","15":"product-type-simple"},"_links":{"self":[{"href":"http:\/\/www.yespara.tn\/index.php?rest_route=\/wp\/v2\/product\/3272","targetHints":{"allow":["GET"]}}],"collection":[{"href":"http:\/\/www.yespara.tn\/index.php?rest_route=\/wp\/v2\/product"}],"about":[{"href":"http:\/\/www.yespara.tn\/index.php?rest_route=\/wp\/v2\/types\/product"}],"replies":[{"embeddable":true,"href":"http:\/\/www.yespara.tn\/index.php?rest_route=%2Fwp%2Fv2%2Fcomments&post=3272"}],"wp:featuredmedia":[{"embeddable":true,"href":"http:\/\/www.yespara.tn\/index.php?rest_route=\/wp\/v2\/media\/3271"}],"wp:attachment":[{"href":"http:\/\/www.yespara.tn\/index.php?rest_route=%2Fwp%2Fv2%2Fmedia&parent=3272"}],"wp:term":[{"taxonomy":"product_brand","embeddable":true,"href":"http:\/\/www.yespara.tn\/index.php?rest_route=%2Fwp%2Fv2%2Fproduct_brand&post=3272"},{"taxonomy":"product_cat","embeddable":true,"href":"http:\/\/www.yespara.tn\/index.php?rest_route=%2Fwp%2Fv2%2Fproduct_cat&post=3272"},{"taxonomy":"product_tag","embeddable":true,"href":"http:\/\/www.yespara.tn\/index.php?rest_route=%2Fwp%2Fv2%2Fproduct_tag&post=3272"}],"curies":[{"name":"wp","href":"https:\/\/api.w.org\/{rel}","templated":true}]}}