{"id":3270,"date":"2026-02-28T11:10:56","date_gmt":"2026-02-28T10:10:56","guid":{"rendered":"http:\/\/198.46.190.232\/mypara\/?product=bioderma-pigmentbio-foaming-cream-500ml"},"modified":"2026-03-31T18:28:06","modified_gmt":"2026-03-31T17:28:06","slug":"bioderma-pigmentbio-foaming-cream-500ml","status":"publish","type":"product","link":"http:\/\/www.yespara.tn\/?product=bioderma-pigmentbio-foaming-cream-500ml","title":{"rendered":"BIODERMA PIGMENTBIO FOAMING CREAM 500ML"},"content":{"rendered":"","protected":false},"excerpt":{"rendered":"<p>Pigmentbio Foaming cream C\u2019est un nettoyant \u00e9claircissant qui favorise la disparition des taches brunes et \u00e9vite leur r\u00e9apparition. Il contient une association brevet\u00e9e d\u2019actifs qui r\u00e9gule les m\u00e9canismes biologiques \u00e0 l\u2019origine des taches brunes. Sa formule est compl\u00e9t\u00e9e par des AHA (acide citrique) et des microbilles* qui exfolient et \u00e9liminent les impuret\u00e9s en douceur. Il permet de lisser le grain de la peau et de r\u00e9v\u00e9ler son \u00e9clat. Gr\u00e2ce \u00e0 ses ingr\u00e9dients hydratants, le coco-glucoside et l\u2019ol\u00e9ate de glyc\u00e9ryle, il am\u00e9liore l\u2019hydratation et laisse une sensation de confort sur la peau.<\/p>\n","protected":false},"featured_media":3269,"comment_status":"open","ping_status":"closed","template":"","meta":[],"product_brand":[],"product_cat":[2510,2128],"product_tag":[],"class_list":{"0":"post-3270","1":"product","2":"type-product","3":"status-publish","4":"has-post-thumbnail","6":"product_cat-bioderma-soins-visage-soins-peaux-a-imperfections-soins-anti-taches-et-depigmentants-nettoyants-visage","7":"product_cat-demaquillants","9":"first","10":"instock","11":"taxable","12":"shipping-taxable","13":"purchasable","14":"product-type-simple"},"_links":{"self":[{"href":"http:\/\/www.yespara.tn\/index.php?rest_route=\/wp\/v2\/product\/3270","targetHints":{"allow":["GET"]}}],"collection":[{"href":"http:\/\/www.yespara.tn\/index.php?rest_route=\/wp\/v2\/product"}],"about":[{"href":"http:\/\/www.yespara.tn\/index.php?rest_route=\/wp\/v2\/types\/product"}],"replies":[{"embeddable":true,"href":"http:\/\/www.yespara.tn\/index.php?rest_route=%2Fwp%2Fv2%2Fcomments&post=3270"}],"wp:featuredmedia":[{"embeddable":true,"href":"http:\/\/www.yespara.tn\/index.php?rest_route=\/wp\/v2\/media\/3269"}],"wp:attachment":[{"href":"http:\/\/www.yespara.tn\/index.php?rest_route=%2Fwp%2Fv2%2Fmedia&parent=3270"}],"wp:term":[{"taxonomy":"product_brand","embeddable":true,"href":"http:\/\/www.yespara.tn\/index.php?rest_route=%2Fwp%2Fv2%2Fproduct_brand&post=3270"},{"taxonomy":"product_cat","embeddable":true,"href":"http:\/\/www.yespara.tn\/index.php?rest_route=%2Fwp%2Fv2%2Fproduct_cat&post=3270"},{"taxonomy":"product_tag","embeddable":true,"href":"http:\/\/www.yespara.tn\/index.php?rest_route=%2Fwp%2Fv2%2Fproduct_tag&post=3270"}],"curies":[{"name":"wp","href":"https:\/\/api.w.org\/{rel}","templated":true}]}}