{"id":3266,"date":"2026-02-28T11:10:49","date_gmt":"2026-02-28T10:10:49","guid":{"rendered":"http:\/\/198.46.190.232\/mypara\/?product=svr-xerial-dm-psoriasis-200ml"},"modified":"2026-03-31T18:28:06","modified_gmt":"2026-03-31T17:28:06","slug":"svr-xerial-dm-psoriasis-200ml","status":"publish","type":"product","link":"http:\/\/www.yespara.tn\/?product=svr-xerial-dm-psoriasis-200ml","title":{"rendered":"SVR XERIAL DM PSORIASIS 200ML"},"content":{"rendered":"","protected":false},"excerpt":{"rendered":"<p>SVR PSORIASIS XERIAL DM, dispositif m\u00e9dical pour le traitement des sympt\u00f4mes du psoriasis : plaques, squames, d\u00e9mangeaisons, rougeurs. Gr\u00e2ce \u00e0 son action cibl\u00e9e et k\u00e9ratolytique, il r\u00e9duit les plaques squameuses et \u00e9limine l\u2019\u00e9paisseur des zones rouges et durcies,pour une peau plus lisse et apais\u00e9e. Sa formule hydratante intense soulage les d\u00e9mangeaisons tout en r\u00e9duisant les rougeurs.<\/p>\n","protected":false},"featured_media":3265,"comment_status":"open","ping_status":"closed","template":"","meta":[],"product_brand":[],"product_cat":[2504],"product_tag":[],"class_list":{"0":"post-3266","1":"product","2":"type-product","3":"status-publish","4":"has-post-thumbnail","6":"product_cat-svr-soins-visage-soins-anti-rougeurs-et-peau-sensible-peaux-sensibles-peaux-intolerantes","8":"first","9":"instock","10":"taxable","11":"shipping-taxable","12":"purchasable","13":"product-type-simple"},"_links":{"self":[{"href":"http:\/\/www.yespara.tn\/index.php?rest_route=\/wp\/v2\/product\/3266","targetHints":{"allow":["GET"]}}],"collection":[{"href":"http:\/\/www.yespara.tn\/index.php?rest_route=\/wp\/v2\/product"}],"about":[{"href":"http:\/\/www.yespara.tn\/index.php?rest_route=\/wp\/v2\/types\/product"}],"replies":[{"embeddable":true,"href":"http:\/\/www.yespara.tn\/index.php?rest_route=%2Fwp%2Fv2%2Fcomments&post=3266"}],"wp:featuredmedia":[{"embeddable":true,"href":"http:\/\/www.yespara.tn\/index.php?rest_route=\/wp\/v2\/media\/3265"}],"wp:attachment":[{"href":"http:\/\/www.yespara.tn\/index.php?rest_route=%2Fwp%2Fv2%2Fmedia&parent=3266"}],"wp:term":[{"taxonomy":"product_brand","embeddable":true,"href":"http:\/\/www.yespara.tn\/index.php?rest_route=%2Fwp%2Fv2%2Fproduct_brand&post=3266"},{"taxonomy":"product_cat","embeddable":true,"href":"http:\/\/www.yespara.tn\/index.php?rest_route=%2Fwp%2Fv2%2Fproduct_cat&post=3266"},{"taxonomy":"product_tag","embeddable":true,"href":"http:\/\/www.yespara.tn\/index.php?rest_route=%2Fwp%2Fv2%2Fproduct_tag&post=3266"}],"curies":[{"name":"wp","href":"https:\/\/api.w.org\/{rel}","templated":true}]}}