{"id":3264,"date":"2026-02-28T11:10:48","date_gmt":"2026-02-28T10:10:48","guid":{"rendered":"http:\/\/198.46.190.232\/mypara\/?product=svr-sebiaclear-spray-corps-anti-imperfections-150ml"},"modified":"2026-03-31T18:28:06","modified_gmt":"2026-03-31T17:28:06","slug":"svr-sebiaclear-spray-corps-anti-imperfections-150ml","status":"publish","type":"product","link":"http:\/\/www.yespara.tn\/?product=svr-sebiaclear-spray-corps-anti-imperfections-150ml","title":{"rendered":"SVR sebiaclear SPRAY CORPS anti imperfections 150ml"},"content":{"rendered":"","protected":false},"excerpt":{"rendered":"<p>Formul\u00e9 pour corriger toutes les imperfections du dos, des \u00e9paules et du d\u00e9collet\u00e9. Sebiaclear Spray Corps, c\u2019est -40% de boutons d\u00e8s 2 semaines !1 Il r\u00e9duit les imperfections et pr\u00e9vient leur r\u00e9apparition, lisse le grain de peau &#038; diminue les marques post acn\u00e9. Dites bye bye aux imperfections du corps ! 1 \u2013 Scorage Clinique sur 20 volontaires pendant 21 jours, dont 14 jours en application biquotidienne, % de variation.<\/p>\n","protected":false},"featured_media":3263,"comment_status":"open","ping_status":"closed","template":"","meta":[],"product_brand":[],"product_cat":[2140,2499],"product_tag":[],"class_list":{"0":"post-3264","1":"product","2":"type-product","3":"status-publish","4":"has-post-thumbnail","6":"product_cat-soins-peau-grasse","7":"product_cat-svr-soins-pour-le-corps-soins-peaux-grasses-acneiques-soins-peaux-a-imperfections","9":"first","10":"instock","11":"taxable","12":"shipping-taxable","13":"purchasable","14":"product-type-simple"},"_links":{"self":[{"href":"http:\/\/www.yespara.tn\/index.php?rest_route=\/wp\/v2\/product\/3264","targetHints":{"allow":["GET"]}}],"collection":[{"href":"http:\/\/www.yespara.tn\/index.php?rest_route=\/wp\/v2\/product"}],"about":[{"href":"http:\/\/www.yespara.tn\/index.php?rest_route=\/wp\/v2\/types\/product"}],"replies":[{"embeddable":true,"href":"http:\/\/www.yespara.tn\/index.php?rest_route=%2Fwp%2Fv2%2Fcomments&post=3264"}],"wp:featuredmedia":[{"embeddable":true,"href":"http:\/\/www.yespara.tn\/index.php?rest_route=\/wp\/v2\/media\/3263"}],"wp:attachment":[{"href":"http:\/\/www.yespara.tn\/index.php?rest_route=%2Fwp%2Fv2%2Fmedia&parent=3264"}],"wp:term":[{"taxonomy":"product_brand","embeddable":true,"href":"http:\/\/www.yespara.tn\/index.php?rest_route=%2Fwp%2Fv2%2Fproduct_brand&post=3264"},{"taxonomy":"product_cat","embeddable":true,"href":"http:\/\/www.yespara.tn\/index.php?rest_route=%2Fwp%2Fv2%2Fproduct_cat&post=3264"},{"taxonomy":"product_tag","embeddable":true,"href":"http:\/\/www.yespara.tn\/index.php?rest_route=%2Fwp%2Fv2%2Fproduct_tag&post=3264"}],"curies":[{"name":"wp","href":"https:\/\/api.w.org\/{rel}","templated":true}]}}