{"id":3262,"date":"2026-02-28T11:10:47","date_gmt":"2026-02-28T10:10:47","guid":{"rendered":"http:\/\/198.46.190.232\/mypara\/?product=collagen-skin-boost-10-ampoules"},"modified":"2026-03-31T18:28:06","modified_gmt":"2026-03-31T17:28:06","slug":"collagen-skin-boost-10-ampoules","status":"publish","type":"product","link":"http:\/\/www.yespara.tn\/?product=collagen-skin-boost-10-ampoules","title":{"rendered":"COLLAGEN SKIN BOOST 10 AMPOULES"},"content":{"rendered":"","protected":false},"excerpt":{"rendered":"<p>COLLAGEN SKIN BOOST VITAMINE C est ultra concentr\u00e9 en collag\u00e8ne et en acide hyaluronique. Le collag\u00e8ne apporte structure et fermet\u00e9 \u00e0 la peau. Ces ampoules pr\u00e9viennent du vieillissement pr\u00e9matur\u00e9, d\u00e9toxifient et tonifient la peau.<\/p>\n","protected":false},"featured_media":3261,"comment_status":"open","ping_status":"closed","template":"","meta":[],"product_brand":[],"product_cat":[2201],"product_tag":[],"class_list":{"0":"post-3262","1":"product","2":"type-product","3":"status-publish","4":"has-post-thumbnail","6":"product_cat-soins-visage-soins-anti-age-et-anti-rides-2","8":"first","9":"instock","10":"taxable","11":"shipping-taxable","12":"purchasable","13":"product-type-simple"},"_links":{"self":[{"href":"http:\/\/www.yespara.tn\/index.php?rest_route=\/wp\/v2\/product\/3262","targetHints":{"allow":["GET"]}}],"collection":[{"href":"http:\/\/www.yespara.tn\/index.php?rest_route=\/wp\/v2\/product"}],"about":[{"href":"http:\/\/www.yespara.tn\/index.php?rest_route=\/wp\/v2\/types\/product"}],"replies":[{"embeddable":true,"href":"http:\/\/www.yespara.tn\/index.php?rest_route=%2Fwp%2Fv2%2Fcomments&post=3262"}],"wp:featuredmedia":[{"embeddable":true,"href":"http:\/\/www.yespara.tn\/index.php?rest_route=\/wp\/v2\/media\/3261"}],"wp:attachment":[{"href":"http:\/\/www.yespara.tn\/index.php?rest_route=%2Fwp%2Fv2%2Fmedia&parent=3262"}],"wp:term":[{"taxonomy":"product_brand","embeddable":true,"href":"http:\/\/www.yespara.tn\/index.php?rest_route=%2Fwp%2Fv2%2Fproduct_brand&post=3262"},{"taxonomy":"product_cat","embeddable":true,"href":"http:\/\/www.yespara.tn\/index.php?rest_route=%2Fwp%2Fv2%2Fproduct_cat&post=3262"},{"taxonomy":"product_tag","embeddable":true,"href":"http:\/\/www.yespara.tn\/index.php?rest_route=%2Fwp%2Fv2%2Fproduct_tag&post=3262"}],"curies":[{"name":"wp","href":"https:\/\/api.w.org\/{rel}","templated":true}]}}