{"id":3252,"date":"2026-02-28T11:10:38","date_gmt":"2026-02-28T10:10:38","guid":{"rendered":"http:\/\/198.46.190.232\/mypara\/?product=muriac-lightact-essence-micro-peeling-200-ml"},"modified":"2026-03-31T18:28:06","modified_gmt":"2026-03-31T17:28:06","slug":"muriac-lightact-essence-micro-peeling-200-ml","status":"publish","type":"product","link":"http:\/\/www.yespara.tn\/?product=muriac-lightact-essence-micro-peeling-200-ml","title":{"rendered":"MURIAC LIGHTACT ESSENCE MICRO PEELING 200 ML"},"content":{"rendered":"","protected":false},"excerpt":{"rendered":"<p>Muriac Essence Micro-Peeling \u00c9clat 200ml est un soin exfoliant doux con\u00e7u pour renouveler la peau en profondeur tout en am\u00e9liorant l\u2019\u00e9clat du teint. Ce produit, formul\u00e9 pour les peaux ternes, rugueuses ou in\u00e9gales, offre une action de micro-peeling pour \u00e9liminer les cellules mortes et r\u00e9v\u00e9ler une peau plus lisse, lumineuse et radieuse.<\/p>\n","protected":false},"featured_media":3251,"comment_status":"open","ping_status":"closed","template":"","meta":[],"product_brand":[],"product_cat":[2485],"product_tag":[],"class_list":{"0":"post-3252","1":"product","2":"type-product","3":"status-publish","4":"has-post-thumbnail","6":"product_cat-muriac","8":"first","9":"instock","10":"taxable","11":"shipping-taxable","12":"purchasable","13":"product-type-simple"},"_links":{"self":[{"href":"http:\/\/www.yespara.tn\/index.php?rest_route=\/wp\/v2\/product\/3252","targetHints":{"allow":["GET"]}}],"collection":[{"href":"http:\/\/www.yespara.tn\/index.php?rest_route=\/wp\/v2\/product"}],"about":[{"href":"http:\/\/www.yespara.tn\/index.php?rest_route=\/wp\/v2\/types\/product"}],"replies":[{"embeddable":true,"href":"http:\/\/www.yespara.tn\/index.php?rest_route=%2Fwp%2Fv2%2Fcomments&post=3252"}],"wp:featuredmedia":[{"embeddable":true,"href":"http:\/\/www.yespara.tn\/index.php?rest_route=\/wp\/v2\/media\/3251"}],"wp:attachment":[{"href":"http:\/\/www.yespara.tn\/index.php?rest_route=%2Fwp%2Fv2%2Fmedia&parent=3252"}],"wp:term":[{"taxonomy":"product_brand","embeddable":true,"href":"http:\/\/www.yespara.tn\/index.php?rest_route=%2Fwp%2Fv2%2Fproduct_brand&post=3252"},{"taxonomy":"product_cat","embeddable":true,"href":"http:\/\/www.yespara.tn\/index.php?rest_route=%2Fwp%2Fv2%2Fproduct_cat&post=3252"},{"taxonomy":"product_tag","embeddable":true,"href":"http:\/\/www.yespara.tn\/index.php?rest_route=%2Fwp%2Fv2%2Fproduct_tag&post=3252"}],"curies":[{"name":"wp","href":"https:\/\/api.w.org\/{rel}","templated":true}]}}