{"id":3246,"date":"2026-02-28T11:10:32","date_gmt":"2026-02-28T10:10:32","guid":{"rendered":"http:\/\/198.46.190.232\/mypara\/?product=rivaderm-retinol-ah-30-ml"},"modified":"2026-03-31T18:28:07","modified_gmt":"2026-03-31T17:28:07","slug":"rivaderm-retinol-ah-30-ml","status":"publish","type":"product","link":"http:\/\/www.yespara.tn\/?product=rivaderm-retinol-ah-30-ml","title":{"rendered":"RIVADERM RETINOL +AH 30 ML"},"content":{"rendered":"","protected":false},"excerpt":{"rendered":"<p>S\u00e9rum Anti-Imperfection R\u00e9g\u00e9n\u00e9rant \ud83c\udf3f\u2728 \ud83d\udd39 Actifs principaux : Niacinamide \ud83c\udf31 : Action anti-imperfection Panth\u00e9nol \ud83d\udca7 : R\u00e9parateur et protecteur de la barri\u00e8re cutan\u00e9e \ud83d\udd39 Bienfaits : R\u00e9duit les signes de vieillissement cutan\u00e9 \u23f3 Convient \u00e0 tous les types de peau \ud83c\udf0d \ud83d\udd39 R\u00e9sultats : Peau plus lisse et r\u00e9g\u00e9n\u00e9r\u00e9e \u2728 Effet protecteur et r\u00e9parateur \ud83c\udf1f<\/p>\n","protected":false},"featured_media":3245,"comment_status":"open","ping_status":"closed","template":"","meta":[],"product_brand":[],"product_cat":[2473],"product_tag":[],"class_list":{"0":"post-3246","1":"product","2":"type-product","3":"status-publish","4":"has-post-thumbnail","6":"product_cat-rivaderm-soins-visage-soins-eclaircissants-soins-anti-age-et-anti-rides-2","8":"first","9":"instock","10":"taxable","11":"shipping-taxable","12":"purchasable","13":"product-type-simple"},"_links":{"self":[{"href":"http:\/\/www.yespara.tn\/index.php?rest_route=\/wp\/v2\/product\/3246","targetHints":{"allow":["GET"]}}],"collection":[{"href":"http:\/\/www.yespara.tn\/index.php?rest_route=\/wp\/v2\/product"}],"about":[{"href":"http:\/\/www.yespara.tn\/index.php?rest_route=\/wp\/v2\/types\/product"}],"replies":[{"embeddable":true,"href":"http:\/\/www.yespara.tn\/index.php?rest_route=%2Fwp%2Fv2%2Fcomments&post=3246"}],"wp:featuredmedia":[{"embeddable":true,"href":"http:\/\/www.yespara.tn\/index.php?rest_route=\/wp\/v2\/media\/3245"}],"wp:attachment":[{"href":"http:\/\/www.yespara.tn\/index.php?rest_route=%2Fwp%2Fv2%2Fmedia&parent=3246"}],"wp:term":[{"taxonomy":"product_brand","embeddable":true,"href":"http:\/\/www.yespara.tn\/index.php?rest_route=%2Fwp%2Fv2%2Fproduct_brand&post=3246"},{"taxonomy":"product_cat","embeddable":true,"href":"http:\/\/www.yespara.tn\/index.php?rest_route=%2Fwp%2Fv2%2Fproduct_cat&post=3246"},{"taxonomy":"product_tag","embeddable":true,"href":"http:\/\/www.yespara.tn\/index.php?rest_route=%2Fwp%2Fv2%2Fproduct_tag&post=3246"}],"curies":[{"name":"wp","href":"https:\/\/api.w.org\/{rel}","templated":true}]}}