{"id":3242,"date":"2026-02-28T11:10:26","date_gmt":"2026-02-28T10:10:26","guid":{"rendered":"http:\/\/198.46.190.232\/mypara\/?product=isdin-isdinceutics-retinal-intense-serum-50ml"},"modified":"2026-03-31T18:28:07","modified_gmt":"2026-03-31T17:28:07","slug":"isdin-isdinceutics-retinal-intense-serum-50ml","status":"publish","type":"product","link":"http:\/\/www.yespara.tn\/?product=isdin-isdinceutics-retinal-intense-serum-50ml","title":{"rendered":"ISDIN isdinceutics retinal intense SERUM 50ML"},"content":{"rendered":"","protected":false},"excerpt":{"rendered":"<p>\ud83c\udf19 S\u00e9rum de Nuit au R\u00e9tinald\u00e9hyde \u2728 Efficacit\u00e9 prouv\u00e9e : rides r\u00e9duites jusqu\u2019\u00e0 -43 % en 4 semaines \ud83c\udf1f Red\u00e9couvrez une peau visiblement rajeunie avec Retinal Intense , un s\u00e9rum biphasique de nuit enrichi en r\u00e9tinald\u00e9hyde. \ud83d\udd04 Renouvellement cellulaire : stimule le processus naturel de r\u00e9g\u00e9n\u00e9ration cutan\u00e9e. \ud83d\udca7 R\u00e9sultats visibles : apr\u00e8s 1 mois, les rides et lignes d\u2019expression sont r\u00e9duites jusqu\u2019\u00e0 -43 %, pour une peau plus lisse, uniforme et \u00e9clatante. \u2705 Pour une peau revitalis\u00e9e et un teint rajeuni, int\u00e9grez Retinal Intense \u00e0 votre routine nocturne.<\/p>\n","protected":false},"featured_media":3241,"comment_status":"open","ping_status":"closed","template":"","meta":[],"product_brand":[],"product_cat":[2469],"product_tag":[],"class_list":{"0":"post-3242","1":"product","2":"type-product","3":"status-publish","4":"has-post-thumbnail","6":"product_cat-isdin-soins-visage-soins-anti-age-et-anti-rides","8":"first","9":"instock","10":"taxable","11":"shipping-taxable","12":"purchasable","13":"product-type-simple"},"_links":{"self":[{"href":"http:\/\/www.yespara.tn\/index.php?rest_route=\/wp\/v2\/product\/3242","targetHints":{"allow":["GET"]}}],"collection":[{"href":"http:\/\/www.yespara.tn\/index.php?rest_route=\/wp\/v2\/product"}],"about":[{"href":"http:\/\/www.yespara.tn\/index.php?rest_route=\/wp\/v2\/types\/product"}],"replies":[{"embeddable":true,"href":"http:\/\/www.yespara.tn\/index.php?rest_route=%2Fwp%2Fv2%2Fcomments&post=3242"}],"wp:featuredmedia":[{"embeddable":true,"href":"http:\/\/www.yespara.tn\/index.php?rest_route=\/wp\/v2\/media\/3241"}],"wp:attachment":[{"href":"http:\/\/www.yespara.tn\/index.php?rest_route=%2Fwp%2Fv2%2Fmedia&parent=3242"}],"wp:term":[{"taxonomy":"product_brand","embeddable":true,"href":"http:\/\/www.yespara.tn\/index.php?rest_route=%2Fwp%2Fv2%2Fproduct_brand&post=3242"},{"taxonomy":"product_cat","embeddable":true,"href":"http:\/\/www.yespara.tn\/index.php?rest_route=%2Fwp%2Fv2%2Fproduct_cat&post=3242"},{"taxonomy":"product_tag","embeddable":true,"href":"http:\/\/www.yespara.tn\/index.php?rest_route=%2Fwp%2Fv2%2Fproduct_tag&post=3242"}],"curies":[{"name":"wp","href":"https:\/\/api.w.org\/{rel}","templated":true}]}}