{"id":3240,"date":"2026-02-28T11:10:24","date_gmt":"2026-02-28T10:10:24","guid":{"rendered":"http:\/\/198.46.190.232\/mypara\/?product=eora-super-collagen-12000mg-20-shots"},"modified":"2026-03-31T18:28:07","modified_gmt":"2026-03-31T17:28:07","slug":"eora-super-collagen-12000mg-20-shots","status":"publish","type":"product","link":"http:\/\/www.yespara.tn\/?product=eora-super-collagen-12000mg-20-shots","title":{"rendered":"EORA SUPER COLLAGEN 12000MG 20 SHOTS"},"content":{"rendered":"","protected":false},"excerpt":{"rendered":"<p>Enrichi en super-aliments tels que le MORINGA et l\u2019AC\u00c9ROLA, ainsi qu\u2019en essence purifiante d\u2019ORTIE, SUPER COLLAGEN va bien au-del\u00e0 d\u2019un simple suppl\u00e9ment : il incarne un v\u00e9ritable engagement pour votre beaut\u00e9 int\u00e9rieure et ext\u00e9rieure.<\/p>\n","protected":false},"featured_media":3239,"comment_status":"open","ping_status":"closed","template":"","meta":[],"product_brand":[],"product_cat":[2468],"product_tag":[],"class_list":{"0":"post-3240","1":"product","2":"type-product","3":"status-publish","4":"has-post-thumbnail","6":"product_cat-eora","8":"first","9":"instock","10":"taxable","11":"shipping-taxable","12":"purchasable","13":"product-type-simple"},"_links":{"self":[{"href":"http:\/\/www.yespara.tn\/index.php?rest_route=\/wp\/v2\/product\/3240","targetHints":{"allow":["GET"]}}],"collection":[{"href":"http:\/\/www.yespara.tn\/index.php?rest_route=\/wp\/v2\/product"}],"about":[{"href":"http:\/\/www.yespara.tn\/index.php?rest_route=\/wp\/v2\/types\/product"}],"replies":[{"embeddable":true,"href":"http:\/\/www.yespara.tn\/index.php?rest_route=%2Fwp%2Fv2%2Fcomments&post=3240"}],"wp:featuredmedia":[{"embeddable":true,"href":"http:\/\/www.yespara.tn\/index.php?rest_route=\/wp\/v2\/media\/3239"}],"wp:attachment":[{"href":"http:\/\/www.yespara.tn\/index.php?rest_route=%2Fwp%2Fv2%2Fmedia&parent=3240"}],"wp:term":[{"taxonomy":"product_brand","embeddable":true,"href":"http:\/\/www.yespara.tn\/index.php?rest_route=%2Fwp%2Fv2%2Fproduct_brand&post=3240"},{"taxonomy":"product_cat","embeddable":true,"href":"http:\/\/www.yespara.tn\/index.php?rest_route=%2Fwp%2Fv2%2Fproduct_cat&post=3240"},{"taxonomy":"product_tag","embeddable":true,"href":"http:\/\/www.yespara.tn\/index.php?rest_route=%2Fwp%2Fv2%2Fproduct_tag&post=3240"}],"curies":[{"name":"wp","href":"https:\/\/api.w.org\/{rel}","templated":true}]}}