{"id":3236,"date":"2026-02-28T11:10:20","date_gmt":"2026-02-28T10:10:20","guid":{"rendered":"http:\/\/198.46.190.232\/mypara\/?product=a-derma-biology-ac-perfect-fluide-anti-imperfections-40ml"},"modified":"2026-03-31T18:28:07","modified_gmt":"2026-03-31T17:28:07","slug":"a-derma-biology-ac-perfect-fluide-anti-imperfections-40ml","status":"publish","type":"product","link":"http:\/\/www.yespara.tn\/?product=a-derma-biology-ac-perfect-fluide-anti-imperfections-40ml","title":{"rendered":"A-DERMA BIOLOGY AC PERFECT FLUIDE ANTI IMPERFECTIONS 40ML"},"content":{"rendered":"","protected":false},"excerpt":{"rendered":"<p>Biology AC Perfect est un soin visage propos\u00e9 par le laboratoire A-Derma. Il s\u2019agit d\u2019un fluide anti-imperfections et anti-marques destin\u00e9 aux peaux adultes \u00e0 tendance acn\u00e9ique. Il hydrate et aide \u00e0 lutter \u00e0 la fois contre les imperfections et contre les premiers signes de l\u2019\u00e2ge.<\/p>\n","protected":false},"featured_media":3235,"comment_status":"open","ping_status":"closed","template":"","meta":[],"product_brand":[],"product_cat":[2464],"product_tag":[],"class_list":{"0":"post-3236","1":"product","2":"type-product","3":"status-publish","4":"has-post-thumbnail","6":"product_cat-a-derma","8":"first","9":"instock","10":"taxable","11":"shipping-taxable","12":"purchasable","13":"product-type-simple"},"_links":{"self":[{"href":"http:\/\/www.yespara.tn\/index.php?rest_route=\/wp\/v2\/product\/3236","targetHints":{"allow":["GET"]}}],"collection":[{"href":"http:\/\/www.yespara.tn\/index.php?rest_route=\/wp\/v2\/product"}],"about":[{"href":"http:\/\/www.yespara.tn\/index.php?rest_route=\/wp\/v2\/types\/product"}],"replies":[{"embeddable":true,"href":"http:\/\/www.yespara.tn\/index.php?rest_route=%2Fwp%2Fv2%2Fcomments&post=3236"}],"wp:featuredmedia":[{"embeddable":true,"href":"http:\/\/www.yespara.tn\/index.php?rest_route=\/wp\/v2\/media\/3235"}],"wp:attachment":[{"href":"http:\/\/www.yespara.tn\/index.php?rest_route=%2Fwp%2Fv2%2Fmedia&parent=3236"}],"wp:term":[{"taxonomy":"product_brand","embeddable":true,"href":"http:\/\/www.yespara.tn\/index.php?rest_route=%2Fwp%2Fv2%2Fproduct_brand&post=3236"},{"taxonomy":"product_cat","embeddable":true,"href":"http:\/\/www.yespara.tn\/index.php?rest_route=%2Fwp%2Fv2%2Fproduct_cat&post=3236"},{"taxonomy":"product_tag","embeddable":true,"href":"http:\/\/www.yespara.tn\/index.php?rest_route=%2Fwp%2Fv2%2Fproduct_tag&post=3236"}],"curies":[{"name":"wp","href":"https:\/\/api.w.org\/{rel}","templated":true}]}}