{"id":3218,"date":"2026-02-28T11:09:59","date_gmt":"2026-02-28T10:09:59","guid":{"rendered":"http:\/\/198.46.190.232\/mypara\/?product=innovaderm-serum-retinol-30ml"},"modified":"2026-03-31T18:28:08","modified_gmt":"2026-03-31T17:28:08","slug":"innovaderm-serum-retinol-30ml","status":"publish","type":"product","link":"http:\/\/www.yespara.tn\/?product=innovaderm-serum-retinol-30ml","title":{"rendered":"INNOVADERM SERUM retinol 30ML"},"content":{"rendered":"","protected":false},"excerpt":{"rendered":"<p>\ud83d\udca7 INNOVADERM S\u00e9rum R\u00e9tinol 30ml \ud83c\udf1f Soin anti-\u00e2ge de haute performance pour lutter contre les signes du vieillissement \ud83d\udd04 R\u00e9parateur : Le r\u00e9tinol stimule le renouvellement cellulaire pour r\u00e9parer la peau en profondeur \ud83d\udc75 Anti-\u00e2ge : Att\u00e9nue les rides et ridules en boostant la production de collag\u00e8ne, pour une peau plus ferme et lisse \ud83d\udeab Anti-rides : Lisse les signes du vieillissement et redonne \u00e9clat \u00e0 la peau<\/p>\n","protected":false},"featured_media":3217,"comment_status":"open","ping_status":"closed","template":"","meta":[],"product_brand":[],"product_cat":[2446],"product_tag":[],"class_list":{"0":"post-3218","1":"product","2":"type-product","3":"status-publish","4":"has-post-thumbnail","6":"product_cat-innovaderm-soins-visage-serums-anti-age","8":"first","9":"instock","10":"taxable","11":"shipping-taxable","12":"purchasable","13":"product-type-simple"},"_links":{"self":[{"href":"http:\/\/www.yespara.tn\/index.php?rest_route=\/wp\/v2\/product\/3218","targetHints":{"allow":["GET"]}}],"collection":[{"href":"http:\/\/www.yespara.tn\/index.php?rest_route=\/wp\/v2\/product"}],"about":[{"href":"http:\/\/www.yespara.tn\/index.php?rest_route=\/wp\/v2\/types\/product"}],"replies":[{"embeddable":true,"href":"http:\/\/www.yespara.tn\/index.php?rest_route=%2Fwp%2Fv2%2Fcomments&post=3218"}],"wp:featuredmedia":[{"embeddable":true,"href":"http:\/\/www.yespara.tn\/index.php?rest_route=\/wp\/v2\/media\/3217"}],"wp:attachment":[{"href":"http:\/\/www.yespara.tn\/index.php?rest_route=%2Fwp%2Fv2%2Fmedia&parent=3218"}],"wp:term":[{"taxonomy":"product_brand","embeddable":true,"href":"http:\/\/www.yespara.tn\/index.php?rest_route=%2Fwp%2Fv2%2Fproduct_brand&post=3218"},{"taxonomy":"product_cat","embeddable":true,"href":"http:\/\/www.yespara.tn\/index.php?rest_route=%2Fwp%2Fv2%2Fproduct_cat&post=3218"},{"taxonomy":"product_tag","embeddable":true,"href":"http:\/\/www.yespara.tn\/index.php?rest_route=%2Fwp%2Fv2%2Fproduct_tag&post=3218"}],"curies":[{"name":"wp","href":"https:\/\/api.w.org\/{rel}","templated":true}]}}