{"id":3210,"date":"2026-02-28T11:09:52","date_gmt":"2026-02-28T10:09:52","guid":{"rendered":"http:\/\/198.46.190.232\/mypara\/?product=innovaderm-gel-nettoyant-peaux-grasse-380ml"},"modified":"2026-03-31T18:28:08","modified_gmt":"2026-03-31T17:28:08","slug":"innovaderm-gel-nettoyant-peaux-grasse-380ml","status":"publish","type":"product","link":"http:\/\/www.yespara.tn\/?product=innovaderm-gel-nettoyant-peaux-grasse-380ml","title":{"rendered":"INNOVADERM GEL NETTOYANT peaux grasse 380ML"},"content":{"rendered":"","protected":false},"excerpt":{"rendered":"<p>\ud83d\udca7 Gel Nettoyant ACNEBAK pour Peau Grasse \ud83c\udf3f Purifie et r\u00e9\u00e9quilibre les peaux sujettes \u00e0 l\u2019exc\u00e8s de s\u00e9bum \ud83c\udf31 Niacinamide &#038; Zinc PCA : Aident \u00e0 contr\u00f4ler la brillance et apaisent les irritations \ud83c\udf43 Extraits de thym &#038; concombre : Apaisent et rafra\u00eechissent la peau \ud83d\udca7 Acide salicylique &#038; Panth\u00e9nol : Nettoient les pores en profondeur et pr\u00e9viennent les imperfections<\/p>\n","protected":false},"featured_media":3209,"comment_status":"open","ping_status":"closed","template":"","meta":[],"product_brand":[],"product_cat":[2436],"product_tag":[],"class_list":{"0":"post-3210","1":"product","2":"type-product","3":"status-publish","4":"has-post-thumbnail","6":"product_cat-innovaderm","8":"first","9":"instock","10":"taxable","11":"shipping-taxable","12":"purchasable","13":"product-type-simple"},"_links":{"self":[{"href":"http:\/\/www.yespara.tn\/index.php?rest_route=\/wp\/v2\/product\/3210","targetHints":{"allow":["GET"]}}],"collection":[{"href":"http:\/\/www.yespara.tn\/index.php?rest_route=\/wp\/v2\/product"}],"about":[{"href":"http:\/\/www.yespara.tn\/index.php?rest_route=\/wp\/v2\/types\/product"}],"replies":[{"embeddable":true,"href":"http:\/\/www.yespara.tn\/index.php?rest_route=%2Fwp%2Fv2%2Fcomments&post=3210"}],"wp:featuredmedia":[{"embeddable":true,"href":"http:\/\/www.yespara.tn\/index.php?rest_route=\/wp\/v2\/media\/3209"}],"wp:attachment":[{"href":"http:\/\/www.yespara.tn\/index.php?rest_route=%2Fwp%2Fv2%2Fmedia&parent=3210"}],"wp:term":[{"taxonomy":"product_brand","embeddable":true,"href":"http:\/\/www.yespara.tn\/index.php?rest_route=%2Fwp%2Fv2%2Fproduct_brand&post=3210"},{"taxonomy":"product_cat","embeddable":true,"href":"http:\/\/www.yespara.tn\/index.php?rest_route=%2Fwp%2Fv2%2Fproduct_cat&post=3210"},{"taxonomy":"product_tag","embeddable":true,"href":"http:\/\/www.yespara.tn\/index.php?rest_route=%2Fwp%2Fv2%2Fproduct_tag&post=3210"}],"curies":[{"name":"wp","href":"https:\/\/api.w.org\/{rel}","templated":true}]}}