{"id":3208,"date":"2026-02-28T11:09:50","date_gmt":"2026-02-28T10:09:50","guid":{"rendered":"http:\/\/198.46.190.232\/mypara\/?product=novexpert-brume-perfection-eclat-aux-polyphenols-de-the-vert-60ml"},"modified":"2026-03-31T18:28:08","modified_gmt":"2026-03-31T17:28:08","slug":"novexpert-brume-perfection-eclat-aux-polyphenols-de-the-vert-60ml","status":"publish","type":"product","link":"http:\/\/www.yespara.tn\/?product=novexpert-brume-perfection-eclat-aux-polyphenols-de-the-vert-60ml","title":{"rendered":"NOVEXPERT BRUME perfection eclat aux polyphenols DE THE VERT 60ML"},"content":{"rendered":"","protected":false},"excerpt":{"rendered":"<p>\u2600\ufe0f NOVEXPERT BRUME PERFECTION \u00c9CLAT \u2600\ufe0f \ud83c\udfaf Actions principales : \u270b Anti-taches : R\u00e9duit la production de m\u00e9lanine . \ud83d\udee1\ufe0f Anti-pollution : Prot\u00e8ge contre l\u2019 oxydation et l\u2019action de la tyrosinase . \u2728 \u00c9clat &#038; Hydratation : Illumine le teint + hydrate la peau dess\u00e9ch\u00e9e. \u2744\ufe0f Fra\u00eecheur instantan\u00e9e .<\/p>\n","protected":false},"featured_media":3207,"comment_status":"open","ping_status":"closed","template":"","meta":[],"product_brand":[],"product_cat":[2435],"product_tag":[],"class_list":{"0":"post-3208","1":"product","2":"type-product","3":"status-publish","4":"has-post-thumbnail","6":"product_cat-novexpert-soins-visage-soins-eclaircissants","8":"first","9":"instock","10":"taxable","11":"shipping-taxable","12":"purchasable","13":"product-type-simple"},"_links":{"self":[{"href":"http:\/\/www.yespara.tn\/index.php?rest_route=\/wp\/v2\/product\/3208","targetHints":{"allow":["GET"]}}],"collection":[{"href":"http:\/\/www.yespara.tn\/index.php?rest_route=\/wp\/v2\/product"}],"about":[{"href":"http:\/\/www.yespara.tn\/index.php?rest_route=\/wp\/v2\/types\/product"}],"replies":[{"embeddable":true,"href":"http:\/\/www.yespara.tn\/index.php?rest_route=%2Fwp%2Fv2%2Fcomments&post=3208"}],"wp:featuredmedia":[{"embeddable":true,"href":"http:\/\/www.yespara.tn\/index.php?rest_route=\/wp\/v2\/media\/3207"}],"wp:attachment":[{"href":"http:\/\/www.yespara.tn\/index.php?rest_route=%2Fwp%2Fv2%2Fmedia&parent=3208"}],"wp:term":[{"taxonomy":"product_brand","embeddable":true,"href":"http:\/\/www.yespara.tn\/index.php?rest_route=%2Fwp%2Fv2%2Fproduct_brand&post=3208"},{"taxonomy":"product_cat","embeddable":true,"href":"http:\/\/www.yespara.tn\/index.php?rest_route=%2Fwp%2Fv2%2Fproduct_cat&post=3208"},{"taxonomy":"product_tag","embeddable":true,"href":"http:\/\/www.yespara.tn\/index.php?rest_route=%2Fwp%2Fv2%2Fproduct_tag&post=3208"}],"curies":[{"name":"wp","href":"https:\/\/api.w.org\/{rel}","templated":true}]}}