{"id":3202,"date":"2026-02-28T11:09:45","date_gmt":"2026-02-28T10:09:45","guid":{"rendered":"http:\/\/198.46.190.232\/mypara\/?product=derma-mousse-peaux-normal-150ml"},"modified":"2026-03-31T18:28:09","modified_gmt":"2026-03-31T17:28:09","slug":"derma-mousse-peaux-normal-150ml","status":"publish","type":"product","link":"http:\/\/www.yespara.tn\/?product=derma-mousse-peaux-normal-150ml","title":{"rendered":"DERMA MOUSSE peaux normal 150ML"},"content":{"rendered":"","protected":false},"excerpt":{"rendered":"<p>\u2728 Derma Mousse Peaux Normales 150 ml \ud83c\udf3f \ud83c\udf0a Nettoyage Doux &#038; \u00c9quilibrant \u2714\ufe0f Action cibl\u00e9e : Sp\u00e9cialement formul\u00e9e pour les peaux normales n\u00e9cessitant un nettoyage efficace et respectueux. \u2714\ufe0f Efficacit\u00e9 : \u00c9limine les impuret\u00e9s tout en pr\u00e9servant l\u2019\u00e9quilibre naturel de la peau.<\/p>\n","protected":false},"featured_media":3201,"comment_status":"open","ping_status":"closed","template":"","meta":[],"product_brand":[],"product_cat":[2430],"product_tag":[],"class_list":{"0":"post-3202","1":"product","2":"type-product","3":"status-publish","4":"has-post-thumbnail","6":"product_cat-derma-pella-soins-visage-peaux-normales-a-mixtes-gel-moussant","8":"first","9":"instock","10":"taxable","11":"shipping-taxable","12":"purchasable","13":"product-type-simple"},"_links":{"self":[{"href":"http:\/\/www.yespara.tn\/index.php?rest_route=\/wp\/v2\/product\/3202","targetHints":{"allow":["GET"]}}],"collection":[{"href":"http:\/\/www.yespara.tn\/index.php?rest_route=\/wp\/v2\/product"}],"about":[{"href":"http:\/\/www.yespara.tn\/index.php?rest_route=\/wp\/v2\/types\/product"}],"replies":[{"embeddable":true,"href":"http:\/\/www.yespara.tn\/index.php?rest_route=%2Fwp%2Fv2%2Fcomments&post=3202"}],"wp:featuredmedia":[{"embeddable":true,"href":"http:\/\/www.yespara.tn\/index.php?rest_route=\/wp\/v2\/media\/3201"}],"wp:attachment":[{"href":"http:\/\/www.yespara.tn\/index.php?rest_route=%2Fwp%2Fv2%2Fmedia&parent=3202"}],"wp:term":[{"taxonomy":"product_brand","embeddable":true,"href":"http:\/\/www.yespara.tn\/index.php?rest_route=%2Fwp%2Fv2%2Fproduct_brand&post=3202"},{"taxonomy":"product_cat","embeddable":true,"href":"http:\/\/www.yespara.tn\/index.php?rest_route=%2Fwp%2Fv2%2Fproduct_cat&post=3202"},{"taxonomy":"product_tag","embeddable":true,"href":"http:\/\/www.yespara.tn\/index.php?rest_route=%2Fwp%2Fv2%2Fproduct_tag&post=3202"}],"curies":[{"name":"wp","href":"https:\/\/api.w.org\/{rel}","templated":true}]}}