{"id":3200,"date":"2026-02-28T11:09:39","date_gmt":"2026-02-28T10:09:39","guid":{"rendered":"http:\/\/198.46.190.232\/mypara\/?product=derma-mousse-peaux-seche-et-sensible-150ml"},"modified":"2026-03-31T18:28:09","modified_gmt":"2026-03-31T17:28:09","slug":"derma-mousse-peaux-seche-et-sensible-150ml","status":"publish","type":"product","link":"http:\/\/www.yespara.tn\/?product=derma-mousse-peaux-seche-et-sensible-150ml","title":{"rendered":"DERMA MOUSSE peaux seche et sensible  150ML"},"content":{"rendered":"","protected":false},"excerpt":{"rendered":"<p>\u2728 Derma Mousse Peaux S\u00e8ches et Sensibles 150 ml \ud83c\udf3f \ud83c\udf0a Nettoyage Doux &#038; Apaisant \u2714\ufe0f Action cibl\u00e9e : Sp\u00e9cialement formul\u00e9e pour les peaux s\u00e8ches et sensibles ayant besoin d\u2019un nettoyage d\u00e9licat et respectueux. \u2714\ufe0f Confort : \u00c9limine les impuret\u00e9s tout en pr\u00e9servant l\u2019hydratation naturelle et en apaisant les irritations.<\/p>\n","protected":false},"featured_media":3199,"comment_status":"open","ping_status":"closed","template":"","meta":[],"product_brand":[],"product_cat":[2427],"product_tag":[],"class_list":{"0":"post-3200","1":"product","2":"type-product","3":"status-publish","4":"has-post-thumbnail","6":"product_cat-derma-pella-soins-visage-peaux-sensibles-peaux-seches-gel-moussant","8":"first","9":"instock","10":"taxable","11":"shipping-taxable","12":"purchasable","13":"product-type-simple"},"_links":{"self":[{"href":"http:\/\/www.yespara.tn\/index.php?rest_route=\/wp\/v2\/product\/3200","targetHints":{"allow":["GET"]}}],"collection":[{"href":"http:\/\/www.yespara.tn\/index.php?rest_route=\/wp\/v2\/product"}],"about":[{"href":"http:\/\/www.yespara.tn\/index.php?rest_route=\/wp\/v2\/types\/product"}],"replies":[{"embeddable":true,"href":"http:\/\/www.yespara.tn\/index.php?rest_route=%2Fwp%2Fv2%2Fcomments&post=3200"}],"wp:featuredmedia":[{"embeddable":true,"href":"http:\/\/www.yespara.tn\/index.php?rest_route=\/wp\/v2\/media\/3199"}],"wp:attachment":[{"href":"http:\/\/www.yespara.tn\/index.php?rest_route=%2Fwp%2Fv2%2Fmedia&parent=3200"}],"wp:term":[{"taxonomy":"product_brand","embeddable":true,"href":"http:\/\/www.yespara.tn\/index.php?rest_route=%2Fwp%2Fv2%2Fproduct_brand&post=3200"},{"taxonomy":"product_cat","embeddable":true,"href":"http:\/\/www.yespara.tn\/index.php?rest_route=%2Fwp%2Fv2%2Fproduct_cat&post=3200"},{"taxonomy":"product_tag","embeddable":true,"href":"http:\/\/www.yespara.tn\/index.php?rest_route=%2Fwp%2Fv2%2Fproduct_tag&post=3200"}],"curies":[{"name":"wp","href":"https:\/\/api.w.org\/{rel}","templated":true}]}}