{"id":3188,"date":"2026-02-28T11:09:28","date_gmt":"2026-02-28T10:09:28","guid":{"rendered":"http:\/\/198.46.190.232\/mypara\/?product=svr-topialyse-creme-soin-nourrissant-400ml"},"modified":"2026-03-31T18:28:09","modified_gmt":"2026-03-31T17:28:09","slug":"svr-topialyse-creme-soin-nourrissant-400ml","status":"publish","type":"product","link":"http:\/\/www.yespara.tn\/?product=svr-topialyse-creme-soin-nourrissant-400ml","title":{"rendered":"SVR TOPIALYSE CREME soin nourrissant 400ML"},"content":{"rendered":"","protected":false},"excerpt":{"rendered":"<p>\ud83c\udf3f SVR TOPIALYSE CR\u00c8ME \u2013 Soin nourrissant &#038; apaisant pour toute la famille \ud83e\udd0d\u2728 \ud83d\udca7 Peaux s\u00e8ches, sensibles &#038; inconfortables \ud83d\udc76 B\u00e9b\u00e9 (hors pr\u00e9matur\u00e9), enfant, adulte \ud83d\udc69\u200d\ud83d\udc67 \u2714 Visage &#038; corps<\/p>\n","protected":false},"featured_media":3187,"comment_status":"open","ping_status":"closed","template":"","meta":[],"product_brand":[],"product_cat":[2412],"product_tag":[],"class_list":{"0":"post-3188","1":"product","2":"type-product","3":"status-publish","4":"has-post-thumbnail","6":"product_cat-svr-soins-visage-soins-pour-le-corps-2","8":"first","9":"instock","10":"taxable","11":"shipping-taxable","12":"purchasable","13":"product-type-simple"},"_links":{"self":[{"href":"http:\/\/www.yespara.tn\/index.php?rest_route=\/wp\/v2\/product\/3188","targetHints":{"allow":["GET"]}}],"collection":[{"href":"http:\/\/www.yespara.tn\/index.php?rest_route=\/wp\/v2\/product"}],"about":[{"href":"http:\/\/www.yespara.tn\/index.php?rest_route=\/wp\/v2\/types\/product"}],"replies":[{"embeddable":true,"href":"http:\/\/www.yespara.tn\/index.php?rest_route=%2Fwp%2Fv2%2Fcomments&post=3188"}],"wp:featuredmedia":[{"embeddable":true,"href":"http:\/\/www.yespara.tn\/index.php?rest_route=\/wp\/v2\/media\/3187"}],"wp:attachment":[{"href":"http:\/\/www.yespara.tn\/index.php?rest_route=%2Fwp%2Fv2%2Fmedia&parent=3188"}],"wp:term":[{"taxonomy":"product_brand","embeddable":true,"href":"http:\/\/www.yespara.tn\/index.php?rest_route=%2Fwp%2Fv2%2Fproduct_brand&post=3188"},{"taxonomy":"product_cat","embeddable":true,"href":"http:\/\/www.yespara.tn\/index.php?rest_route=%2Fwp%2Fv2%2Fproduct_cat&post=3188"},{"taxonomy":"product_tag","embeddable":true,"href":"http:\/\/www.yespara.tn\/index.php?rest_route=%2Fwp%2Fv2%2Fproduct_tag&post=3188"}],"curies":[{"name":"wp","href":"https:\/\/api.w.org\/{rel}","templated":true}]}}