{"id":3186,"date":"2026-02-28T11:09:26","date_gmt":"2026-02-28T10:09:26","guid":{"rendered":"http:\/\/198.46.190.232\/mypara\/?product=svr-sebiaclear-creme-lavante-recharge-400ml"},"modified":"2026-03-31T18:28:09","modified_gmt":"2026-03-31T17:28:09","slug":"svr-sebiaclear-creme-lavante-recharge-400ml","status":"publish","type":"product","link":"http:\/\/www.yespara.tn\/?product=svr-sebiaclear-creme-lavante-recharge-400ml","title":{"rendered":"SVR SEBIACLEAR CREME LAVANTE RECHARGE 400ML"},"content":{"rendered":"","protected":false},"excerpt":{"rendered":"<p>\ud83c\udf3f SVR SEBIACLEAR CR\u00c8ME LAVANTE \u2013 Nettoyant purifiant &#038; anti-imperfections \ud83d\udebf\u2728 \ud83d\udc9a Peaux sensibles, mixtes \u00e0 grasses, \u00e0 tendance acn\u00e9ique \u2714 Nettoie en douceur sans dess\u00e9cher \ud83e\uddfc \u2714 \u00c9limine l\u2019exc\u00e8s de s\u00e9bum &#038; les impuret\u00e9s \ud83c\udf3f \u2714 R\u00e9duit les imperfections &#038; pr\u00e9vient leur apparition \ud83d\udd2c \u2714 Respecte l\u2019\u00e9quilibre cutan\u00e9 gr\u00e2ce \u00e0 son pH physiologique \ud83d\udca6<\/p>\n","protected":false},"featured_media":3185,"comment_status":"open","ping_status":"closed","template":"","meta":[],"product_brand":[],"product_cat":[2128,2409],"product_tag":[],"class_list":{"0":"post-3186","1":"product","2":"type-product","3":"status-publish","4":"has-post-thumbnail","6":"product_cat-demaquillants","7":"product_cat-svr-soins-visage-gels-nettoyants","9":"first","10":"instock","11":"taxable","12":"shipping-taxable","13":"purchasable","14":"product-type-simple"},"_links":{"self":[{"href":"http:\/\/www.yespara.tn\/index.php?rest_route=\/wp\/v2\/product\/3186","targetHints":{"allow":["GET"]}}],"collection":[{"href":"http:\/\/www.yespara.tn\/index.php?rest_route=\/wp\/v2\/product"}],"about":[{"href":"http:\/\/www.yespara.tn\/index.php?rest_route=\/wp\/v2\/types\/product"}],"replies":[{"embeddable":true,"href":"http:\/\/www.yespara.tn\/index.php?rest_route=%2Fwp%2Fv2%2Fcomments&post=3186"}],"wp:featuredmedia":[{"embeddable":true,"href":"http:\/\/www.yespara.tn\/index.php?rest_route=\/wp\/v2\/media\/3185"}],"wp:attachment":[{"href":"http:\/\/www.yespara.tn\/index.php?rest_route=%2Fwp%2Fv2%2Fmedia&parent=3186"}],"wp:term":[{"taxonomy":"product_brand","embeddable":true,"href":"http:\/\/www.yespara.tn\/index.php?rest_route=%2Fwp%2Fv2%2Fproduct_brand&post=3186"},{"taxonomy":"product_cat","embeddable":true,"href":"http:\/\/www.yespara.tn\/index.php?rest_route=%2Fwp%2Fv2%2Fproduct_cat&post=3186"},{"taxonomy":"product_tag","embeddable":true,"href":"http:\/\/www.yespara.tn\/index.php?rest_route=%2Fwp%2Fv2%2Fproduct_tag&post=3186"}],"curies":[{"name":"wp","href":"https:\/\/api.w.org\/{rel}","templated":true}]}}