{"id":3184,"date":"2026-02-28T11:09:23","date_gmt":"2026-02-28T10:09:23","guid":{"rendered":"http:\/\/198.46.190.232\/mypara\/?product=hyfac-gel-dermatologique-nettoyant-visage-et-corps300ml"},"modified":"2026-03-31T18:28:09","modified_gmt":"2026-03-31T17:28:09","slug":"hyfac-gel-dermatologique-nettoyant-visage-et-corps300ml","status":"publish","type":"product","link":"http:\/\/www.yespara.tn\/?product=hyfac-gel-dermatologique-nettoyant-visage-et-corps300ml","title":{"rendered":"HYFAC GEL DERMATOLOGIQUE nettoyant visage et corps300ML"},"content":{"rendered":"","protected":false},"excerpt":{"rendered":"<p>\u2714 Nettoie et purifie \ud83e\uddfc : \u00c9limine impuret\u00e9s et exc\u00e8s de s\u00e9bum. \u2714 R\u00e9gule la production de s\u00e9bum \ud83d\udd2c : Gr\u00e2ce \u00e0 l\u2019 acide salicylique et au Piroctone Olamine . \u2714 Pr\u00e9vient l\u2019apparition des imperfections \ud83c\udfaf : Aide \u00e0 r\u00e9duire les boutons et points noirs. \u2714 Hydrate et apaise \ud83c\udf3f : Formule sans savon, douce pour la peau.<\/p>\n","protected":false},"featured_media":3183,"comment_status":"open","ping_status":"closed","template":"","meta":[],"product_brand":[],"product_cat":[2408],"product_tag":[],"class_list":{"0":"post-3184","1":"product","2":"type-product","3":"status-publish","4":"has-post-thumbnail","6":"product_cat-hyfac-soins-pour-le-corps-gels-nettoyants-2","8":"first","9":"instock","10":"taxable","11":"shipping-taxable","12":"purchasable","13":"product-type-simple"},"_links":{"self":[{"href":"http:\/\/www.yespara.tn\/index.php?rest_route=\/wp\/v2\/product\/3184","targetHints":{"allow":["GET"]}}],"collection":[{"href":"http:\/\/www.yespara.tn\/index.php?rest_route=\/wp\/v2\/product"}],"about":[{"href":"http:\/\/www.yespara.tn\/index.php?rest_route=\/wp\/v2\/types\/product"}],"replies":[{"embeddable":true,"href":"http:\/\/www.yespara.tn\/index.php?rest_route=%2Fwp%2Fv2%2Fcomments&post=3184"}],"wp:featuredmedia":[{"embeddable":true,"href":"http:\/\/www.yespara.tn\/index.php?rest_route=\/wp\/v2\/media\/3183"}],"wp:attachment":[{"href":"http:\/\/www.yespara.tn\/index.php?rest_route=%2Fwp%2Fv2%2Fmedia&parent=3184"}],"wp:term":[{"taxonomy":"product_brand","embeddable":true,"href":"http:\/\/www.yespara.tn\/index.php?rest_route=%2Fwp%2Fv2%2Fproduct_brand&post=3184"},{"taxonomy":"product_cat","embeddable":true,"href":"http:\/\/www.yespara.tn\/index.php?rest_route=%2Fwp%2Fv2%2Fproduct_cat&post=3184"},{"taxonomy":"product_tag","embeddable":true,"href":"http:\/\/www.yespara.tn\/index.php?rest_route=%2Fwp%2Fv2%2Fproduct_tag&post=3184"}],"curies":[{"name":"wp","href":"https:\/\/api.w.org\/{rel}","templated":true}]}}