{"id":3182,"date":"2026-02-28T11:09:21","date_gmt":"2026-02-28T10:09:21","guid":{"rendered":"http:\/\/198.46.190.232\/mypara\/?product=uriage-hyseac-3-regul-soin-global-teinte-spf30"},"modified":"2026-03-31T18:28:10","modified_gmt":"2026-03-31T17:28:10","slug":"uriage-hyseac-3-regul-soin-global-teinte-spf30","status":"publish","type":"product","link":"http:\/\/www.yespara.tn\/?product=uriage-hyseac-3-regul-soin-global-teinte-spf30","title":{"rendered":"URIAGE HYSEAC 3-Regul soin Global Teint\u00e9 SPF30"},"content":{"rendered":"","protected":false},"excerpt":{"rendered":"<p>\ud83d\udd39 Action anti-imperfections : aide \u00e0 r\u00e9duire les boutons, points noirs et marques r\u00e9siduelles. \ud83d\udd39 R\u00e9gulation du s\u00e9bum : limite l\u2019exc\u00e8s de brillance et matifie durablement la peau. \ud83d\udd39 Correction du teint : gr\u00e2ce \u00e0 sa texture teint\u00e9e, il unifie et illumine le teint sans effet masque. \ud83d\udd39 Protection solaire SPF30 : prot\u00e8ge efficacement la peau des rayons UVA\/UVB, responsables de l\u2019aggravation des imperfections et des taches. \ud83d\udd39 Hydratation l\u00e9g\u00e8re : apporte confort et souplesse sans alourdir la peau.<\/p>\n","protected":false},"featured_media":3181,"comment_status":"open","ping_status":"closed","template":"","meta":[],"product_brand":[],"product_cat":[2140,2406],"product_tag":[],"class_list":{"0":"post-3182","1":"product","2":"type-product","3":"status-publish","4":"has-post-thumbnail","6":"product_cat-soins-peau-grasse","7":"product_cat-uriage","9":"first","10":"instock","11":"taxable","12":"shipping-taxable","13":"purchasable","14":"product-type-simple"},"_links":{"self":[{"href":"http:\/\/www.yespara.tn\/index.php?rest_route=\/wp\/v2\/product\/3182","targetHints":{"allow":["GET"]}}],"collection":[{"href":"http:\/\/www.yespara.tn\/index.php?rest_route=\/wp\/v2\/product"}],"about":[{"href":"http:\/\/www.yespara.tn\/index.php?rest_route=\/wp\/v2\/types\/product"}],"replies":[{"embeddable":true,"href":"http:\/\/www.yespara.tn\/index.php?rest_route=%2Fwp%2Fv2%2Fcomments&post=3182"}],"wp:featuredmedia":[{"embeddable":true,"href":"http:\/\/www.yespara.tn\/index.php?rest_route=\/wp\/v2\/media\/3181"}],"wp:attachment":[{"href":"http:\/\/www.yespara.tn\/index.php?rest_route=%2Fwp%2Fv2%2Fmedia&parent=3182"}],"wp:term":[{"taxonomy":"product_brand","embeddable":true,"href":"http:\/\/www.yespara.tn\/index.php?rest_route=%2Fwp%2Fv2%2Fproduct_brand&post=3182"},{"taxonomy":"product_cat","embeddable":true,"href":"http:\/\/www.yespara.tn\/index.php?rest_route=%2Fwp%2Fv2%2Fproduct_cat&post=3182"},{"taxonomy":"product_tag","embeddable":true,"href":"http:\/\/www.yespara.tn\/index.php?rest_route=%2Fwp%2Fv2%2Fproduct_tag&post=3182"}],"curies":[{"name":"wp","href":"https:\/\/api.w.org\/{rel}","templated":true}]}}