{"id":3178,"date":"2026-02-28T11:09:15","date_gmt":"2026-02-28T10:09:15","guid":{"rendered":"http:\/\/198.46.190.232\/mypara\/?product=biobalance-super-serum-discoloration-free-30ml"},"modified":"2026-03-31T18:28:10","modified_gmt":"2026-03-31T17:28:10","slug":"biobalance-super-serum-discoloration-free-30ml","status":"publish","type":"product","link":"http:\/\/www.yespara.tn\/?product=biobalance-super-serum-discoloration-free-30ml","title":{"rendered":"BIOBALANCE super SERUM discoloration free 30ML"},"content":{"rendered":"","protected":false},"excerpt":{"rendered":"<p>Formule anti-taches : Att\u00e9nue les taches brunes et les irr\u00e9gularit\u00e9s de pigmentation Hydratation : Apporte une hydratation profonde et durable Action r\u00e9paratrice : Am\u00e9liore la texture de la peau et r\u00e9duit les signes de pigmentation Ingr\u00e9dients apaisants : Convient aux peaux sensibles et r\u00e9actives Flacon hygi\u00e9nique : Application pr\u00e9cise et sans perte de produit<\/p>\n","protected":false},"featured_media":3177,"comment_status":"open","ping_status":"closed","template":"","meta":[],"product_brand":[],"product_cat":[2404],"product_tag":[],"class_list":{"0":"post-3178","1":"product","2":"type-product","3":"status-publish","4":"has-post-thumbnail","6":"product_cat-biobalance-soins-visage-soins-peaux-a-imperfections-soins-anti-taches-et-depigmentants","8":"first","9":"instock","10":"taxable","11":"shipping-taxable","12":"purchasable","13":"product-type-simple"},"_links":{"self":[{"href":"http:\/\/www.yespara.tn\/index.php?rest_route=\/wp\/v2\/product\/3178","targetHints":{"allow":["GET"]}}],"collection":[{"href":"http:\/\/www.yespara.tn\/index.php?rest_route=\/wp\/v2\/product"}],"about":[{"href":"http:\/\/www.yespara.tn\/index.php?rest_route=\/wp\/v2\/types\/product"}],"replies":[{"embeddable":true,"href":"http:\/\/www.yespara.tn\/index.php?rest_route=%2Fwp%2Fv2%2Fcomments&post=3178"}],"wp:featuredmedia":[{"embeddable":true,"href":"http:\/\/www.yespara.tn\/index.php?rest_route=\/wp\/v2\/media\/3177"}],"wp:attachment":[{"href":"http:\/\/www.yespara.tn\/index.php?rest_route=%2Fwp%2Fv2%2Fmedia&parent=3178"}],"wp:term":[{"taxonomy":"product_brand","embeddable":true,"href":"http:\/\/www.yespara.tn\/index.php?rest_route=%2Fwp%2Fv2%2Fproduct_brand&post=3178"},{"taxonomy":"product_cat","embeddable":true,"href":"http:\/\/www.yespara.tn\/index.php?rest_route=%2Fwp%2Fv2%2Fproduct_cat&post=3178"},{"taxonomy":"product_tag","embeddable":true,"href":"http:\/\/www.yespara.tn\/index.php?rest_route=%2Fwp%2Fv2%2Fproduct_tag&post=3178"}],"curies":[{"name":"wp","href":"https:\/\/api.w.org\/{rel}","templated":true}]}}