{"id":3174,"date":"2026-02-28T11:09:11","date_gmt":"2026-02-28T10:09:11","guid":{"rendered":"http:\/\/198.46.190.232\/mypara\/?product=biobalance-super-serum-deep-peeling-30ml"},"modified":"2026-03-31T18:28:10","modified_gmt":"2026-03-31T17:28:10","slug":"biobalance-super-serum-deep-peeling-30ml","status":"publish","type":"product","link":"http:\/\/www.yespara.tn\/?product=biobalance-super-serum-deep-peeling-30ml","title":{"rendered":"BIOBALANCE super SERUM deep PEELING 30ML"},"content":{"rendered":"","protected":false},"excerpt":{"rendered":"<p>Acides exfoliants (AHA\/BHA) : \u00c9limine les cellules mortes et lisse la texture de la peau Renouvellement cellulaire : Stimule la r\u00e9g\u00e9n\u00e9ration de la peau pour un teint plus uniforme Hydratation : Ne dess\u00e8che pas la peau et assure une hydratation continue Ingr\u00e9dients naturels : Nourrit et apaise la peau tout en l\u2019exfoliant Flacon pipette : Application pr\u00e9cise et pratique<\/p>\n","protected":false},"featured_media":3173,"comment_status":"open","ping_status":"closed","template":"","meta":[],"product_brand":[],"product_cat":[2405],"product_tag":[],"class_list":{"0":"post-3174","1":"product","2":"type-product","3":"status-publish","4":"has-post-thumbnail","6":"product_cat-biobalance-soins-visage-2","8":"first","9":"instock","10":"taxable","11":"shipping-taxable","12":"purchasable","13":"product-type-simple"},"_links":{"self":[{"href":"http:\/\/www.yespara.tn\/index.php?rest_route=\/wp\/v2\/product\/3174","targetHints":{"allow":["GET"]}}],"collection":[{"href":"http:\/\/www.yespara.tn\/index.php?rest_route=\/wp\/v2\/product"}],"about":[{"href":"http:\/\/www.yespara.tn\/index.php?rest_route=\/wp\/v2\/types\/product"}],"replies":[{"embeddable":true,"href":"http:\/\/www.yespara.tn\/index.php?rest_route=%2Fwp%2Fv2%2Fcomments&post=3174"}],"wp:featuredmedia":[{"embeddable":true,"href":"http:\/\/www.yespara.tn\/index.php?rest_route=\/wp\/v2\/media\/3173"}],"wp:attachment":[{"href":"http:\/\/www.yespara.tn\/index.php?rest_route=%2Fwp%2Fv2%2Fmedia&parent=3174"}],"wp:term":[{"taxonomy":"product_brand","embeddable":true,"href":"http:\/\/www.yespara.tn\/index.php?rest_route=%2Fwp%2Fv2%2Fproduct_brand&post=3174"},{"taxonomy":"product_cat","embeddable":true,"href":"http:\/\/www.yespara.tn\/index.php?rest_route=%2Fwp%2Fv2%2Fproduct_cat&post=3174"},{"taxonomy":"product_tag","embeddable":true,"href":"http:\/\/www.yespara.tn\/index.php?rest_route=%2Fwp%2Fv2%2Fproduct_tag&post=3174"}],"curies":[{"name":"wp","href":"https:\/\/api.w.org\/{rel}","templated":true}]}}