{"id":3168,"date":"2026-02-28T11:09:05","date_gmt":"2026-02-28T10:09:05","guid":{"rendered":"http:\/\/198.46.190.232\/mypara\/?product=biobalance-super-serum-retinole-30ml"},"modified":"2026-03-31T18:28:10","modified_gmt":"2026-03-31T17:28:10","slug":"biobalance-super-serum-retinole-30ml","status":"publish","type":"product","link":"http:\/\/www.yespara.tn\/?product=biobalance-super-serum-retinole-30ml","title":{"rendered":"BIOBALANCE super SERUM RETINOL\u2019E 30ML"},"content":{"rendered":"","protected":false},"excerpt":{"rendered":"<p>Retinol (vitamine A) : Stimule le renouvellement cellulaire et lisse la peau Vitamine E : Hydrate et nourrit la peau tout en la prot\u00e9geant des agressions ext\u00e9rieures Action anti-\u00e2ge : R\u00e9duit les rides, ridules et taches pigmentaires Ingr\u00e9dients r\u00e9parateurs : Favorise une peau plus ferme et plus \u00e9clatante Flacon pipette : Application pr\u00e9cise et pratique<\/p>\n","protected":false},"featured_media":3167,"comment_status":"open","ping_status":"closed","template":"","meta":[],"product_brand":[],"product_cat":[2403],"product_tag":[],"class_list":{"0":"post-3168","1":"product","2":"type-product","3":"status-publish","4":"has-post-thumbnail","6":"product_cat-biobalance-soins-visage-soins-anti-age-et-anti-rides","8":"first","9":"instock","10":"taxable","11":"shipping-taxable","12":"purchasable","13":"product-type-simple"},"_links":{"self":[{"href":"http:\/\/www.yespara.tn\/index.php?rest_route=\/wp\/v2\/product\/3168","targetHints":{"allow":["GET"]}}],"collection":[{"href":"http:\/\/www.yespara.tn\/index.php?rest_route=\/wp\/v2\/product"}],"about":[{"href":"http:\/\/www.yespara.tn\/index.php?rest_route=\/wp\/v2\/types\/product"}],"replies":[{"embeddable":true,"href":"http:\/\/www.yespara.tn\/index.php?rest_route=%2Fwp%2Fv2%2Fcomments&post=3168"}],"wp:featuredmedia":[{"embeddable":true,"href":"http:\/\/www.yespara.tn\/index.php?rest_route=\/wp\/v2\/media\/3167"}],"wp:attachment":[{"href":"http:\/\/www.yespara.tn\/index.php?rest_route=%2Fwp%2Fv2%2Fmedia&parent=3168"}],"wp:term":[{"taxonomy":"product_brand","embeddable":true,"href":"http:\/\/www.yespara.tn\/index.php?rest_route=%2Fwp%2Fv2%2Fproduct_brand&post=3168"},{"taxonomy":"product_cat","embeddable":true,"href":"http:\/\/www.yespara.tn\/index.php?rest_route=%2Fwp%2Fv2%2Fproduct_cat&post=3168"},{"taxonomy":"product_tag","embeddable":true,"href":"http:\/\/www.yespara.tn\/index.php?rest_route=%2Fwp%2Fv2%2Fproduct_tag&post=3168"}],"curies":[{"name":"wp","href":"https:\/\/api.w.org\/{rel}","templated":true}]}}