{"id":3166,"date":"2026-02-28T11:09:03","date_gmt":"2026-02-28T10:09:03","guid":{"rendered":"http:\/\/198.46.190.232\/mypara\/?product=biobalance-super-serum-caffeine-solution-5-30ml"},"modified":"2026-03-31T18:28:10","modified_gmt":"2026-03-31T17:28:10","slug":"biobalance-super-serum-caffeine-solution-5-30ml","status":"publish","type":"product","link":"http:\/\/www.yespara.tn\/?product=biobalance-super-serum-caffeine-solution-5-30ml","title":{"rendered":"BIOBALANCE super SERUM CAFFEINE solution 5% 30ML"},"content":{"rendered":"","protected":false},"excerpt":{"rendered":"<p>5% de caf\u00e9ine pure : Stimule la circulation, r\u00e9duit les poches et les cernes Hydratation : Apporte un effet hydratant et nourrissant sans alourdir Effet d\u00e9toxifiant : Prot\u00e8ge contre les radicaux libres et purifie la peau Peau plus lumineuse : Att\u00e9nue les signes de fatigue et apporte de l\u2019\u00e9clat Flacon pipette : Application pr\u00e9cise et hygi\u00e9nique<\/p>\n","protected":false},"featured_media":3165,"comment_status":"open","ping_status":"closed","template":"","meta":[],"product_brand":[],"product_cat":[2402],"product_tag":[],"class_list":{"0":"post-3166","1":"product","2":"type-product","3":"status-publish","4":"has-post-thumbnail","6":"product_cat-biobalance-soins-visage-soins-eclaircissants","8":"first","9":"instock","10":"taxable","11":"shipping-taxable","12":"purchasable","13":"product-type-simple"},"_links":{"self":[{"href":"http:\/\/www.yespara.tn\/index.php?rest_route=\/wp\/v2\/product\/3166","targetHints":{"allow":["GET"]}}],"collection":[{"href":"http:\/\/www.yespara.tn\/index.php?rest_route=\/wp\/v2\/product"}],"about":[{"href":"http:\/\/www.yespara.tn\/index.php?rest_route=\/wp\/v2\/types\/product"}],"replies":[{"embeddable":true,"href":"http:\/\/www.yespara.tn\/index.php?rest_route=%2Fwp%2Fv2%2Fcomments&post=3166"}],"wp:featuredmedia":[{"embeddable":true,"href":"http:\/\/www.yespara.tn\/index.php?rest_route=\/wp\/v2\/media\/3165"}],"wp:attachment":[{"href":"http:\/\/www.yespara.tn\/index.php?rest_route=%2Fwp%2Fv2%2Fmedia&parent=3166"}],"wp:term":[{"taxonomy":"product_brand","embeddable":true,"href":"http:\/\/www.yespara.tn\/index.php?rest_route=%2Fwp%2Fv2%2Fproduct_brand&post=3166"},{"taxonomy":"product_cat","embeddable":true,"href":"http:\/\/www.yespara.tn\/index.php?rest_route=%2Fwp%2Fv2%2Fproduct_cat&post=3166"},{"taxonomy":"product_tag","embeddable":true,"href":"http:\/\/www.yespara.tn\/index.php?rest_route=%2Fwp%2Fv2%2Fproduct_tag&post=3166"}],"curies":[{"name":"wp","href":"https:\/\/api.w.org\/{rel}","templated":true}]}}