{"id":3156,"date":"2026-02-28T11:08:49","date_gmt":"2026-02-28T10:08:49","guid":{"rendered":"http:\/\/198.46.190.232\/mypara\/?product=roncey-trousse-sebiaskin-serum-30mlmousse-nettoyante-150ml-50"},"modified":"2026-03-31T18:28:11","modified_gmt":"2026-03-31T17:28:11","slug":"roncey-trousse-sebiaskin-serum-30mlmousse-nettoyante-150ml-50","status":"publish","type":"product","link":"http:\/\/www.yespara.tn\/?product=roncey-trousse-sebiaskin-serum-30mlmousse-nettoyante-150ml-50","title":{"rendered":"RONCEY TROUSSE SEBIASKIN SERUM 30ML+MOUSSE NETTOYANTE 150ML(-50%)"},"content":{"rendered":"","protected":false},"excerpt":{"rendered":"<p>RONCEY TROUSSE SEBIASKIN \u2013 S\u00c9RUM &#038; MOUSSE NETTOYANTE (-50%) \ud83d\udcb0 Prix : 88.793 TND (-50% sur la trousse) D\u00e9couvrez la Trousse Roncey Sebiaskin , une routine experte pour les peaux mixtes \u00e0 grasses et sujettes aux imperfections. Cette combinaison efficace aide \u00e0 purifier la peau, r\u00e9guler l\u2019exc\u00e8s de s\u00e9bum et r\u00e9duire l\u2019apparition des boutons et points noirs. Cette trousse contient : \ud83d\udd38 S\u00e9rum Sebiaskin (30ml) : Un soin concentr\u00e9 qui r\u00e9gule la production de s\u00e9bum, resserre les pores et r\u00e9duit les imperfections pour une peau plus nette et matifi\u00e9e. \ud83d\udd38 Mousse Nettoyante Sebiaskin (150ml) : Un nettoyant doux mais efficace qui \u00e9limine les impuret\u00e9s et l\u2019exc\u00e8s de s\u00e9bum sans dess\u00e9cher la peau.<\/p>\n","protected":false},"featured_media":3155,"comment_status":"open","ping_status":"closed","template":"","meta":[],"product_brand":[],"product_cat":[2396],"product_tag":[],"class_list":{"0":"post-3156","1":"product","2":"type-product","3":"status-publish","4":"has-post-thumbnail","6":"product_cat-roncey-soins-visage-soins-anti-age-et-anti-rides-gels-nettoyants-2","8":"first","9":"instock","10":"taxable","11":"shipping-taxable","12":"purchasable","13":"product-type-simple"},"_links":{"self":[{"href":"http:\/\/www.yespara.tn\/index.php?rest_route=\/wp\/v2\/product\/3156","targetHints":{"allow":["GET"]}}],"collection":[{"href":"http:\/\/www.yespara.tn\/index.php?rest_route=\/wp\/v2\/product"}],"about":[{"href":"http:\/\/www.yespara.tn\/index.php?rest_route=\/wp\/v2\/types\/product"}],"replies":[{"embeddable":true,"href":"http:\/\/www.yespara.tn\/index.php?rest_route=%2Fwp%2Fv2%2Fcomments&post=3156"}],"wp:featuredmedia":[{"embeddable":true,"href":"http:\/\/www.yespara.tn\/index.php?rest_route=\/wp\/v2\/media\/3155"}],"wp:attachment":[{"href":"http:\/\/www.yespara.tn\/index.php?rest_route=%2Fwp%2Fv2%2Fmedia&parent=3156"}],"wp:term":[{"taxonomy":"product_brand","embeddable":true,"href":"http:\/\/www.yespara.tn\/index.php?rest_route=%2Fwp%2Fv2%2Fproduct_brand&post=3156"},{"taxonomy":"product_cat","embeddable":true,"href":"http:\/\/www.yespara.tn\/index.php?rest_route=%2Fwp%2Fv2%2Fproduct_cat&post=3156"},{"taxonomy":"product_tag","embeddable":true,"href":"http:\/\/www.yespara.tn\/index.php?rest_route=%2Fwp%2Fv2%2Fproduct_tag&post=3156"}],"curies":[{"name":"wp","href":"https:\/\/api.w.org\/{rel}","templated":true}]}}