{"id":3154,"date":"2026-02-28T11:08:47","date_gmt":"2026-02-28T10:08:47","guid":{"rendered":"http:\/\/198.46.190.232\/mypara\/?product=roncey-sebiaskin-gel-nettoyant-peaux-grasses-200ml"},"modified":"2026-03-31T18:28:11","modified_gmt":"2026-03-31T17:28:11","slug":"roncey-sebiaskin-gel-nettoyant-peaux-grasses-200ml","status":"publish","type":"product","link":"http:\/\/www.yespara.tn\/?product=roncey-sebiaskin-gel-nettoyant-peaux-grasses-200ml","title":{"rendered":"RONCEY SEBIASKIN GEL NETTOYANT PEAUX GRASSES 200ML"},"content":{"rendered":"","protected":false},"excerpt":{"rendered":"<p>RONCEY SEBIASKIN GEL NETTOYANT PEAUX GRASSES 200ML Offrez \u00e0 votre peau un nettoyage en profondeur avec Roncey Sebiaskin Gel Nettoyant , sp\u00e9cialement con\u00e7u pour les peaux grasses et sujettes aux imperfections . Ce gel purifiant \u00e9limine l\u2019exc\u00e8s de s\u00e9bum, d\u00e9sincruste les pores et laisse la peau fra\u00eeche et matifi\u00e9e sans l\u2019ass\u00e9cher.<\/p>\n","protected":false},"featured_media":3153,"comment_status":"open","ping_status":"closed","template":"","meta":[],"product_brand":[],"product_cat":[2393],"product_tag":[],"class_list":{"0":"post-3154","1":"product","2":"type-product","3":"status-publish","4":"has-post-thumbnail","6":"product_cat-roncey-soins-visage-peaux-grasse-gels-nettoyants-2","8":"first","9":"instock","10":"taxable","11":"shipping-taxable","12":"purchasable","13":"product-type-simple"},"_links":{"self":[{"href":"http:\/\/www.yespara.tn\/index.php?rest_route=\/wp\/v2\/product\/3154","targetHints":{"allow":["GET"]}}],"collection":[{"href":"http:\/\/www.yespara.tn\/index.php?rest_route=\/wp\/v2\/product"}],"about":[{"href":"http:\/\/www.yespara.tn\/index.php?rest_route=\/wp\/v2\/types\/product"}],"replies":[{"embeddable":true,"href":"http:\/\/www.yespara.tn\/index.php?rest_route=%2Fwp%2Fv2%2Fcomments&post=3154"}],"wp:featuredmedia":[{"embeddable":true,"href":"http:\/\/www.yespara.tn\/index.php?rest_route=\/wp\/v2\/media\/3153"}],"wp:attachment":[{"href":"http:\/\/www.yespara.tn\/index.php?rest_route=%2Fwp%2Fv2%2Fmedia&parent=3154"}],"wp:term":[{"taxonomy":"product_brand","embeddable":true,"href":"http:\/\/www.yespara.tn\/index.php?rest_route=%2Fwp%2Fv2%2Fproduct_brand&post=3154"},{"taxonomy":"product_cat","embeddable":true,"href":"http:\/\/www.yespara.tn\/index.php?rest_route=%2Fwp%2Fv2%2Fproduct_cat&post=3154"},{"taxonomy":"product_tag","embeddable":true,"href":"http:\/\/www.yespara.tn\/index.php?rest_route=%2Fwp%2Fv2%2Fproduct_tag&post=3154"}],"curies":[{"name":"wp","href":"https:\/\/api.w.org\/{rel}","templated":true}]}}