{"id":2799,"date":"2026-02-23T12:48:53","date_gmt":"2026-02-23T11:48:53","guid":{"rendered":"http:\/\/198.46.190.232\/mypara\/?page_id=2799"},"modified":"2026-02-23T12:48:53","modified_gmt":"2026-02-23T11:48:53","slug":"cart","status":"publish","type":"page","link":"http:\/\/www.yespara.tn\/?page_id=2799","title":{"rendered":"Cart"},"content":{"rendered":"\n<div data-block-name=\"woocommerce\/cart\" class=\"wp-block-woocommerce-cart alignwide is-loading\">\n<div data-block-name=\"woocommerce\/filled-cart-block\" class=\"wp-block-woocommerce-filled-cart-block\">\n<div data-block-name=\"woocommerce\/cart-items-block\" class=\"wp-block-woocommerce-cart-items-block\">\n<div data-block-name=\"woocommerce\/cart-line-items-block\" class=\"wp-block-woocommerce-cart-line-items-block\"><\/div>\n\n\n<\/div>\n\n\n\n<div data-block-name=\"woocommerce\/cart-totals-block\" class=\"wp-block-woocommerce-cart-totals-block\">\n<div data-block-name=\"woocommerce\/cart-order-summary-block\" class=\"wp-block-woocommerce-cart-order-summary-block\">\n<div data-block-name=\"woocommerce\/cart-order-summary-heading-block\" data-content=\"Total panier\" class=\"wp-block-woocommerce-cart-order-summary-heading-block\"><\/div>\n\n\n\n<div data-block-name=\"woocommerce\/cart-order-summary-coupon-form-block\" class=\"wp-block-woocommerce-cart-order-summary-coupon-form-block\"><\/div>\n\n\n\n<div data-block-name=\"woocommerce\/cart-order-summary-totals-block\" class=\"wp-block-woocommerce-cart-order-summary-totals-block\">\n<div data-block-name=\"woocommerce\/cart-order-summary-subtotal-block\" class=\"wp-block-woocommerce-cart-order-summary-subtotal-block\"><\/div>\n\n\n\n<div data-block-name=\"woocommerce\/cart-order-summary-fee-block\" class=\"wp-block-woocommerce-cart-order-summary-fee-block\"><\/div>\n\n\n\n<div data-block-name=\"woocommerce\/cart-order-summary-discount-block\" class=\"wp-block-woocommerce-cart-order-summary-discount-block\"><\/div>\n\n\n\n<div data-block-name=\"woocommerce\/cart-order-summary-shipping-block\" class=\"wp-block-woocommerce-cart-order-summary-shipping-block\"><\/div>\n\n\n\n<div data-block-name=\"woocommerce\/cart-order-summary-taxes-block\" class=\"wp-block-woocommerce-cart-order-summary-taxes-block\"><\/div>\n<\/div>\n<\/div>\n\n\n\n<div data-block-name=\"woocommerce\/cart-express-payment-block\" class=\"wp-block-woocommerce-cart-express-payment-block\"><\/div>\n\n\n\n<div data-block-name=\"woocommerce\/proceed-to-checkout-block\" class=\"wp-block-woocommerce-proceed-to-checkout-block\"><\/div>\n\n\n\n<div data-block-name=\"woocommerce\/cart-accepted-payment-methods-block\" class=\"wp-block-woocommerce-cart-accepted-payment-methods-block\"><\/div>\n<\/div>\n<\/div>\n\n\n\n<div data-block-name=\"woocommerce\/empty-cart-block\" class=\"wp-block-woocommerce-empty-cart-block\">\n<h2 class=\"wp-block-heading has-text-align-center with-empty-cart-icon wc-block-cart__empty-cart__title\">Your cart is currently empty!<\/h2>\n\n\n\n<hr class=\"wp-block-separator has-alpha-channel-opacity is-style-dots\"\/>\n\n\n\n<h2 class=\"wp-block-heading has-text-align-center\">New in store<\/h2>\n\n\n<div data-block-name=\"woocommerce\/product-new\" data-columns=\"4\" data-rows=\"1\" class=\"wc-block-grid wp-block-product-new wp-block-woocommerce-product-new wc-block-product-new has-4-columns\"><ul class=\"wc-block-grid__products\"><li class=\"wc-block-grid__product\">\n\t\t\t\t<a href=\"http:\/\/www.yespara.tn\/?product=phyteal-vitamine-c-serum-visage-30-ml\" class=\"wc-block-grid__product-link\">\n\t\t\t\t\t<div class=\"wc-block-grid__product-onsale\">\n\t\t\t<span aria-hidden=\"true\">Promo<\/span>\n\t\t\t<span class=\"screen-reader-text\">Produit en promotion<\/span>\n\t\t<\/div>\n\t\t\t\t\t<div class=\"wc-block-grid__product-image\"><img loading=\"lazy\" decoding=\"async\" width=\"300\" height=\"300\" src=\"http:\/\/www.yespara.tn\/wp-content\/uploads\/2026\/04\/20260403_135026-300x300.jpg\" class=\"attachment-woocommerce_thumbnail size-woocommerce_thumbnail\" alt=\"PHYTEAL VITAMINE C SERUM VISAGE 30 ML\" srcset=\"http:\/\/www.yespara.tn\/wp-content\/uploads\/2026\/04\/20260403_135026-300x300.jpg 300w, http:\/\/www.yespara.tn\/wp-content\/uploads\/2026\/04\/20260403_135026-150x150.jpg 150w, http:\/\/www.yespara.tn\/wp-content\/uploads\/2026\/04\/20260403_135026-100x100.jpg 100w\" sizes=\"auto, (max-width: 300px) 100vw, 300px\" \/><\/div>\n\t\t\t\t\t<div class=\"wc-block-grid__product-title\">PHYTEAL VITAMINE C SERUM VISAGE 30 ML<\/div>\n\t\t\t\t<\/a>\n\t\t\t\t<div class=\"wc-block-grid__product-price price\"><del aria-hidden=\"true\"><span class=\"woocommerce-Price-amount amount\"><span class=\"woocommerce-Price-currencySymbol\">&#x62f;.&#x62a;<\/span>&nbsp;95,000<\/span><\/del> <span class=\"screen-reader-text\">Le prix initial \u00e9tait\u00a0: &#x62f;.&#x62a;&nbsp;95,000.<\/span><ins aria-hidden=\"true\"><span class=\"woocommerce-Price-amount amount\"><span class=\"woocommerce-Price-currencySymbol\">&#x62f;.&#x62a;<\/span>&nbsp;83,000<\/span><\/ins><span class=\"screen-reader-text\">Le prix actuel est\u00a0: &#x62f;.&#x62a;&nbsp;83,000.<\/span><\/div>\n\t\t\t\t\n\t\t\t\t<div class=\"wp-block-button wc-block-grid__product-add-to-cart\"><a href=\"\/index.php?rest_route=%2Fwp%2Fv2%2Fpages%2F2799&#038;add-to-cart=5332\" aria-label=\"Ajouter au panier\u00a0: &ldquo;PHYTEAL VITAMINE C SERUM VISAGE 30 ML&rdquo;\" data-quantity=\"1\" data-product_id=\"5332\" data-product_sku=\"\" data-price=\"83\" rel=\"nofollow\" class=\"wp-block-button__link  add_to_cart_button ajax_add_to_cart\">Ajouter au panier<\/a><\/div>\n\t\t\t<\/li><li class=\"wc-block-grid__product\">\n\t\t\t\t<a href=\"http:\/\/www.yespara.tn\/?product=phyteal-vitamine-c-coffret-serum-ecran-mousse-et-creme-gratuites\" class=\"wc-block-grid__product-link\">\n\t\t\t\t\t<div class=\"wc-block-grid__product-onsale\">\n\t\t\t<span aria-hidden=\"true\">Promo<\/span>\n\t\t\t<span class=\"screen-reader-text\">Produit en promotion<\/span>\n\t\t<\/div>\n\t\t\t\t\t<div class=\"wc-block-grid__product-image\"><img loading=\"lazy\" decoding=\"async\" width=\"300\" height=\"300\" src=\"http:\/\/www.yespara.tn\/wp-content\/uploads\/2026\/04\/20260403_134117-300x300.jpg\" class=\"attachment-woocommerce_thumbnail size-woocommerce_thumbnail\" alt=\"PHYTEAL VITAMINE C COFFRET SERUM + ECRAN + MOUSSE ET CREME GRATUITES\" srcset=\"http:\/\/www.yespara.tn\/wp-content\/uploads\/2026\/04\/20260403_134117-300x300.jpg 300w, http:\/\/www.yespara.tn\/wp-content\/uploads\/2026\/04\/20260403_134117-150x150.jpg 150w, http:\/\/www.yespara.tn\/wp-content\/uploads\/2026\/04\/20260403_134117-100x100.jpg 100w\" sizes=\"auto, (max-width: 300px) 100vw, 300px\" \/><\/div>\n\t\t\t\t\t<div class=\"wc-block-grid__product-title\">PHYTEAL VITAMINE C COFFRET SERUM + ECRAN + MOUSSE ET CREME GRATUITES<\/div>\n\t\t\t\t<\/a>\n\t\t\t\t<div class=\"wc-block-grid__product-price price\"><del aria-hidden=\"true\"><span class=\"woocommerce-Price-amount amount\"><span class=\"woocommerce-Price-currencySymbol\">&#x62f;.&#x62a;<\/span>&nbsp;150,000<\/span><\/del> <span class=\"screen-reader-text\">Le prix initial \u00e9tait\u00a0: &#x62f;.&#x62a;&nbsp;150,000.<\/span><ins aria-hidden=\"true\"><span class=\"woocommerce-Price-amount amount\"><span class=\"woocommerce-Price-currencySymbol\">&#x62f;.&#x62a;<\/span>&nbsp;135,000<\/span><\/ins><span class=\"screen-reader-text\">Le prix actuel est\u00a0: &#x62f;.&#x62a;&nbsp;135,000.<\/span><\/div>\n\t\t\t\t\n\t\t\t\t<div class=\"wp-block-button wc-block-grid__product-add-to-cart\"><a href=\"\/index.php?rest_route=%2Fwp%2Fv2%2Fpages%2F2799&#038;add-to-cart=5330\" aria-label=\"Ajouter au panier\u00a0: &ldquo;PHYTEAL VITAMINE C COFFRET SERUM + ECRAN + MOUSSE ET CREME GRATUITES&rdquo;\" data-quantity=\"1\" data-product_id=\"5330\" data-product_sku=\"\" data-price=\"135\" rel=\"nofollow\" class=\"wp-block-button__link  add_to_cart_button ajax_add_to_cart\">Ajouter au panier<\/a><\/div>\n\t\t\t<\/li><li class=\"wc-block-grid__product\">\n\t\t\t\t<a href=\"http:\/\/www.yespara.tn\/?product=svr-clairial-creme-spf50-tres-haute-protection-anti-taches-40ml\" class=\"wc-block-grid__product-link\">\n\t\t\t\t\t<div class=\"wc-block-grid__product-onsale\">\n\t\t\t<span aria-hidden=\"true\">Promo<\/span>\n\t\t\t<span class=\"screen-reader-text\">Produit en promotion<\/span>\n\t\t<\/div>\n\t\t\t\t\t<div class=\"wc-block-grid__product-image\"><img loading=\"lazy\" decoding=\"async\" width=\"300\" height=\"300\" src=\"http:\/\/www.yespara.tn\/wp-content\/uploads\/2026\/03\/svr-clairial-creme-taches-spf50-50ml-300x300.jpg\" class=\"attachment-woocommerce_thumbnail size-woocommerce_thumbnail\" alt=\"SVR Clairial cr\u00e8me spf50+ tr\u00e8s haute protection anti t\u00e2ches 40ml\" srcset=\"http:\/\/www.yespara.tn\/wp-content\/uploads\/2026\/03\/svr-clairial-creme-taches-spf50-50ml-300x300.jpg 300w, http:\/\/www.yespara.tn\/wp-content\/uploads\/2026\/03\/svr-clairial-creme-taches-spf50-50ml-150x150.jpg 150w, http:\/\/www.yespara.tn\/wp-content\/uploads\/2026\/03\/svr-clairial-creme-taches-spf50-50ml-100x100.jpg 100w\" sizes=\"auto, (max-width: 300px) 100vw, 300px\" \/><\/div>\n\t\t\t\t\t<div class=\"wc-block-grid__product-title\">SVR Clairial cr\u00e8me spf50+ tr\u00e8s haute protection anti t\u00e2ches 40ml<\/div>\n\t\t\t\t<\/a>\n\t\t\t\t<div class=\"wc-block-grid__product-price price\"><del aria-hidden=\"true\"><span class=\"woocommerce-Price-amount amount\"><span class=\"woocommerce-Price-currencySymbol\">&#x62f;.&#x62a;<\/span>&nbsp;75,000<\/span><\/del> <span class=\"screen-reader-text\">Le prix initial \u00e9tait\u00a0: &#x62f;.&#x62a;&nbsp;75,000.<\/span><ins aria-hidden=\"true\"><span class=\"woocommerce-Price-amount amount\"><span class=\"woocommerce-Price-currencySymbol\">&#x62f;.&#x62a;<\/span>&nbsp;65,000<\/span><\/ins><span class=\"screen-reader-text\">Le prix actuel est\u00a0: &#x62f;.&#x62a;&nbsp;65,000.<\/span><\/div>\n\t\t\t\t\n\t\t\t\t<div class=\"wp-block-button wc-block-grid__product-add-to-cart\"><a href=\"\/index.php?rest_route=%2Fwp%2Fv2%2Fpages%2F2799&#038;add-to-cart=5322\" aria-label=\"Ajouter au panier\u00a0: &ldquo;SVR Clairial cr\u00e8me spf50+ tr\u00e8s haute protection anti t\u00e2ches 40ml&rdquo;\" data-quantity=\"1\" data-product_id=\"5322\" data-product_sku=\"\" data-price=\"65\" rel=\"nofollow\" class=\"wp-block-button__link  add_to_cart_button ajax_add_to_cart\">Ajouter au panier<\/a><\/div>\n\t\t\t<\/li><li class=\"wc-block-grid__product\">\n\t\t\t\t<a href=\"http:\/\/www.yespara.tn\/?product=filorga-uv-defence-ecran-solaire-urbain-jeunesse-taches-spf50-40ml\" class=\"wc-block-grid__product-link\">\n\t\t\t\t\t<div class=\"wc-block-grid__product-onsale\">\n\t\t\t<span aria-hidden=\"true\">Promo<\/span>\n\t\t\t<span class=\"screen-reader-text\">Produit en promotion<\/span>\n\t\t<\/div>\n\t\t\t\t\t<div class=\"wc-block-grid__product-image\"><img loading=\"lazy\" decoding=\"async\" width=\"300\" height=\"300\" src=\"http:\/\/www.yespara.tn\/wp-content\/uploads\/2026\/03\/ecran-solaire-urbain-jeunesse-taches-spf50-filorga-uv-defence-40ml-300x300.jpg\" class=\"attachment-woocommerce_thumbnail size-woocommerce_thumbnail\" alt=\"Filorga UV Defence \u00c9cran Solaire urbain - jeunesse + t\u00e2ches - spf50+ - 40ml\" srcset=\"http:\/\/www.yespara.tn\/wp-content\/uploads\/2026\/03\/ecran-solaire-urbain-jeunesse-taches-spf50-filorga-uv-defence-40ml-300x300.jpg 300w, http:\/\/www.yespara.tn\/wp-content\/uploads\/2026\/03\/ecran-solaire-urbain-jeunesse-taches-spf50-filorga-uv-defence-40ml-150x150.jpg 150w, http:\/\/www.yespara.tn\/wp-content\/uploads\/2026\/03\/ecran-solaire-urbain-jeunesse-taches-spf50-filorga-uv-defence-40ml-768x768.jpg 768w, http:\/\/www.yespara.tn\/wp-content\/uploads\/2026\/03\/ecran-solaire-urbain-jeunesse-taches-spf50-filorga-uv-defence-40ml-600x600.jpg 600w, http:\/\/www.yespara.tn\/wp-content\/uploads\/2026\/03\/ecran-solaire-urbain-jeunesse-taches-spf50-filorga-uv-defence-40ml-100x100.jpg 100w, http:\/\/www.yespara.tn\/wp-content\/uploads\/2026\/03\/ecran-solaire-urbain-jeunesse-taches-spf50-filorga-uv-defence-40ml.jpg 800w\" sizes=\"auto, (max-width: 300px) 100vw, 300px\" \/><\/div>\n\t\t\t\t\t<div class=\"wc-block-grid__product-title\">Filorga UV Defence \u00c9cran Solaire urbain &#8211; jeunesse + t\u00e2ches &#8211; spf50+ &#8211; 40ml<\/div>\n\t\t\t\t<\/a>\n\t\t\t\t<div class=\"wc-block-grid__product-price price\"><del aria-hidden=\"true\"><span class=\"woocommerce-Price-amount amount\"><span class=\"woocommerce-Price-currencySymbol\">&#x62f;.&#x62a;<\/span>&nbsp;97,000<\/span><\/del> <span class=\"screen-reader-text\">Le prix initial \u00e9tait\u00a0: &#x62f;.&#x62a;&nbsp;97,000.<\/span><ins aria-hidden=\"true\"><span class=\"woocommerce-Price-amount amount\"><span class=\"woocommerce-Price-currencySymbol\">&#x62f;.&#x62a;<\/span>&nbsp;88,000<\/span><\/ins><span class=\"screen-reader-text\">Le prix actuel est\u00a0: &#x62f;.&#x62a;&nbsp;88,000.<\/span><\/div>\n\t\t\t\t\n\t\t\t\t<div class=\"wp-block-button wc-block-grid__product-add-to-cart\"><a href=\"\/index.php?rest_route=%2Fwp%2Fv2%2Fpages%2F2799&#038;add-to-cart=5316\" aria-label=\"Ajouter au panier\u00a0: &ldquo;Filorga UV Defence \u00c9cran Solaire urbain - jeunesse + t\u00e2ches - spf50+ - 40ml&rdquo;\" data-quantity=\"1\" data-product_id=\"5316\" data-product_sku=\"\" data-price=\"88\" rel=\"nofollow\" class=\"wp-block-button__link  add_to_cart_button ajax_add_to_cart\">Ajouter au panier<\/a><\/div>\n\t\t\t<\/li><\/ul><\/div><\/div>\n<\/div>\n","protected":false},"excerpt":{"rendered":"","protected":false},"author":1,"featured_media":0,"parent":0,"menu_order":0,"comment_status":"closed","ping_status":"closed","template":"","meta":{"footnotes":""},"class_list":["post-2799","page","type-page","status-publish","hentry"],"_links":{"self":[{"href":"http:\/\/www.yespara.tn\/index.php?rest_route=\/wp\/v2\/pages\/2799","targetHints":{"allow":["GET"]}}],"collection":[{"href":"http:\/\/www.yespara.tn\/index.php?rest_route=\/wp\/v2\/pages"}],"about":[{"href":"http:\/\/www.yespara.tn\/index.php?rest_route=\/wp\/v2\/types\/page"}],"author":[{"embeddable":true,"href":"http:\/\/www.yespara.tn\/index.php?rest_route=\/wp\/v2\/users\/1"}],"replies":[{"embeddable":true,"href":"http:\/\/www.yespara.tn\/index.php?rest_route=%2Fwp%2Fv2%2Fcomments&post=2799"}],"version-history":[{"count":1,"href":"http:\/\/www.yespara.tn\/index.php?rest_route=\/wp\/v2\/pages\/2799\/revisions"}],"predecessor-version":[{"id":2801,"href":"http:\/\/www.yespara.tn\/index.php?rest_route=\/wp\/v2\/pages\/2799\/revisions\/2801"}],"wp:attachment":[{"href":"http:\/\/www.yespara.tn\/index.php?rest_route=%2Fwp%2Fv2%2Fmedia&parent=2799"}],"curies":[{"name":"wp","href":"https:\/\/api.w.org\/{rel}","templated":true}]}}